{"id":768,"date":"2022-10-18T16:29:41","date_gmt":"2022-10-18T14:29:41","guid":{"rendered":"https:\/\/geaccademy.org\/?post_type=product&#038;p=768"},"modified":"2022-10-18T16:31:24","modified_gmt":"2022-10-18T14:31:24","slug":"batterie-ultracell","status":"publish","type":"product","link":"https:\/\/geaccademy.org\/index.php\/produit\/batterie-ultracell\/","title":{"rendered":"Batterie Ultracell"},"content":{"rendered":"<p>400 cycles en d\u00e9charge 100%. 2400 cycles en d\u00e9charge 30%. Tension de fin d\u00e9charge \u00e0 10,8V pour une\u00a0<b>batterie<\/b>\u00a012V. Tr\u00e8s longue dur\u00e9e de vie (jusqu&#8217;\u00e0 12 ans).<\/p>\n<p>Les\u00a0<em>batteries<\/em>\u00a0gel sont des\u00a0<em>batteries<\/em>\u00a0\u00e9tanches : pas\u00a0<em>d<\/em>&#8216;entretien, pas\u00a0<em>d<\/em>&#8216;ajout\u00a0<em>d<\/em>&#8216;eau distill\u00e9e. S\u00e9curit\u00e9 renforc\u00e9e par rapport aux\u00a0<em>batteries<\/em>\u00a0plomb ouvert.<\/p>\n","protected":false},"excerpt":{"rendered":"<p>Batterie Ultracell<\/p>\n<p>Les\u00a0<em>batteries<\/em>\u00a0gel sont des\u00a0<em>batteries<\/em>\u00a0\u00e9tanches : pas\u00a0<em>d<\/em>&#8216;entretien, pas\u00a0<em>d<\/em>&#8216;ajout\u00a0<em>d<\/em>&#8216;eau distill\u00e9e. S\u00e9curit\u00e9 renforc\u00e9e par rapport aux\u00a0<em>batteries<\/em>\u00a0plomb ouvert.<\/p>\n","protected":false},"featured_media":769,"template":"","meta":{"_et_pb_use_builder":"","_et_pb_old_content":""},"product_brand":[],"product_cat":[61],"product_tag":[],"class_list":{"0":"post-768","1":"product","2":"type-product","3":"status-publish","4":"has-post-thumbnail","6":"product_cat-populaires","8":"first","9":"instock","10":"shipping-taxable","11":"purchasable","12":"product-type-simple"},"yoast_head":"<!-- This site is optimized with the Yoast SEO plugin v26.9 - https:\/\/yoast.com\/product\/yoast-seo-wordpress\/ -->\n<title>Batterie Ultracell - German Environment Academy<\/title>\n<meta name=\"description\" content=\"Les batteries gel sont des batteries \u00e9tanches : pas d&#039;entretien, pas d&#039;ajout d&#039;eau distill\u00e9e. S\u00e9curit\u00e9 renforc\u00e9e par rapport aux batteries plomb ouvert.\" \/>\n<meta name=\"robots\" content=\"index, follow, max-snippet:-1, max-image-preview:large, max-video-preview:-1\" \/>\n<link rel=\"canonical\" href=\"https:\/\/geaccademy.org\/index.php\/produit\/batterie-ultracell\/\" \/>\n<meta property=\"og:locale\" content=\"en_US\" \/>\n<meta property=\"og:type\" content=\"article\" \/>\n<meta property=\"og:title\" content=\"Batterie Ultracell - German Environment Academy\" \/>\n<meta property=\"og:description\" content=\"Les batteries gel sont des batteries \u00e9tanches : pas d&#039;entretien, pas d&#039;ajout d&#039;eau distill\u00e9e. S\u00e9curit\u00e9 renforc\u00e9e par rapport aux batteries plomb ouvert.\" \/>\n<meta property=\"og:url\" content=\"https:\/\/geaccademy.org\/index.php\/produit\/batterie-ultracell\/\" \/>\n<meta property=\"og:site_name\" content=\"German Environment Academy\" \/>\n<meta property=\"article:modified_time\" content=\"2022-10-18T14:31:24+00:00\" \/>\n<meta property=\"og:image\" content=\"https:\/\/geaccademy.org\/wp-content\/uploads\/2022\/10\/17-BATTERIE-ULTRACELL-Copy.png\" \/>\n\t<meta property=\"og:image:width\" content=\"600\" \/>\n\t<meta property=\"og:image:height\" content=\"460\" \/>\n\t<meta property=\"og:image:type\" content=\"image\/png\" \/>\n<meta name=\"twitter:card\" content=\"summary_large_image\" \/>\n<meta name=\"twitter:label1\" content=\"Est. reading time\" \/>\n\t<meta name=\"twitter:data1\" content=\"1 minute\" \/>\n<script type=\"application\/ld+json\" class=\"yoast-schema-graph\">{\"@context\":\"https:\/\/schema.org\",\"@graph\":[{\"@type\":\"WebPage\",\"@id\":\"https:\/\/geaccademy.org\/index.php\/produit\/batterie-ultracell\/\",\"url\":\"https:\/\/geaccademy.org\/index.php\/produit\/batterie-ultracell\/\",\"name\":\"Batterie Ultracell - German Environment Academy\",\"isPartOf\":{\"@id\":\"https:\/\/geaccademy.org\/#website\"},\"primaryImageOfPage\":{\"@id\":\"https:\/\/geaccademy.org\/index.php\/produit\/batterie-ultracell\/#primaryimage\"},\"image\":{\"@id\":\"https:\/\/geaccademy.org\/index.php\/produit\/batterie-ultracell\/#primaryimage\"},\"thumbnailUrl\":\"https:\/\/geaccademy.org\/wp-content\/uploads\/2022\/10\/17-BATTERIE-ULTRACELL-Copy.png\",\"datePublished\":\"2022-10-18T14:29:41+00:00\",\"dateModified\":\"2022-10-18T14:31:24+00:00\",\"description\":\"Les batteries gel sont des batteries \u00e9tanches : pas d'entretien, pas d'ajout d'eau distill\u00e9e. S\u00e9curit\u00e9 renforc\u00e9e par rapport aux batteries plomb ouvert.\",\"breadcrumb\":{\"@id\":\"https:\/\/geaccademy.org\/index.php\/produit\/batterie-ultracell\/#breadcrumb\"},\"inLanguage\":\"en-US\",\"potentialAction\":[{\"@type\":\"ReadAction\",\"target\":[\"https:\/\/geaccademy.org\/index.php\/produit\/batterie-ultracell\/\"]}]},{\"@type\":\"ImageObject\",\"inLanguage\":\"en-US\",\"@id\":\"https:\/\/geaccademy.org\/index.php\/produit\/batterie-ultracell\/#primaryimage\",\"url\":\"https:\/\/geaccademy.org\/wp-content\/uploads\/2022\/10\/17-BATTERIE-ULTRACELL-Copy.png\",\"contentUrl\":\"https:\/\/geaccademy.org\/wp-content\/uploads\/2022\/10\/17-BATTERIE-ULTRACELL-Copy.png\",\"width\":600,\"height\":460},{\"@type\":\"BreadcrumbList\",\"@id\":\"https:\/\/geaccademy.org\/index.php\/produit\/batterie-ultracell\/#breadcrumb\",\"itemListElement\":[{\"@type\":\"ListItem\",\"position\":1,\"name\":\"Accueil\",\"item\":\"https:\/\/geaccademy.org\/\"},{\"@type\":\"ListItem\",\"position\":2,\"name\":\"Boutique De La GSA\",\"item\":\"https:\/\/geaccademy.org\/index.php\/boutique-de-la-gsa\/\"},{\"@type\":\"ListItem\",\"position\":3,\"name\":\"Batterie Ultracell\"}]},{\"@type\":\"WebSite\",\"@id\":\"https:\/\/geaccademy.org\/#website\",\"url\":\"https:\/\/geaccademy.org\/\",\"name\":\"German Environment Academy\",\"description\":\"German Environment Academy\",\"potentialAction\":[{\"@type\":\"SearchAction\",\"target\":{\"@type\":\"EntryPoint\",\"urlTemplate\":\"https:\/\/geaccademy.org\/?s={search_term_string}\"},\"query-input\":{\"@type\":\"PropertyValueSpecification\",\"valueRequired\":true,\"valueName\":\"search_term_string\"}}],\"inLanguage\":\"en-US\"}]}<\/script>\n<!-- \/ Yoast SEO plugin. -->","yoast_head_json":{"title":"Batterie Ultracell - German Environment Academy","description":"Les batteries gel sont des batteries \u00e9tanches : pas d'entretien, pas d'ajout d'eau distill\u00e9e. S\u00e9curit\u00e9 renforc\u00e9e par rapport aux batteries plomb ouvert.","robots":{"index":"index","follow":"follow","max-snippet":"max-snippet:-1","max-image-preview":"max-image-preview:large","max-video-preview":"max-video-preview:-1"},"canonical":"https:\/\/geaccademy.org\/index.php\/produit\/batterie-ultracell\/","og_locale":"en_US","og_type":"article","og_title":"Batterie Ultracell - German Environment Academy","og_description":"Les batteries gel sont des batteries \u00e9tanches : pas d'entretien, pas d'ajout d'eau distill\u00e9e. S\u00e9curit\u00e9 renforc\u00e9e par rapport aux batteries plomb ouvert.","og_url":"https:\/\/geaccademy.org\/index.php\/produit\/batterie-ultracell\/","og_site_name":"German Environment Academy","article_modified_time":"2022-10-18T14:31:24+00:00","og_image":[{"width":600,"height":460,"url":"https:\/\/geaccademy.org\/wp-content\/uploads\/2022\/10\/17-BATTERIE-ULTRACELL-Copy.png","type":"image\/png"}],"twitter_card":"summary_large_image","twitter_misc":{"Est. reading time":"1 minute"},"schema":{"@context":"https:\/\/schema.org","@graph":[{"@type":"WebPage","@id":"https:\/\/geaccademy.org\/index.php\/produit\/batterie-ultracell\/","url":"https:\/\/geaccademy.org\/index.php\/produit\/batterie-ultracell\/","name":"Batterie Ultracell - German Environment Academy","isPartOf":{"@id":"https:\/\/geaccademy.org\/#website"},"primaryImageOfPage":{"@id":"https:\/\/geaccademy.org\/index.php\/produit\/batterie-ultracell\/#primaryimage"},"image":{"@id":"https:\/\/geaccademy.org\/index.php\/produit\/batterie-ultracell\/#primaryimage"},"thumbnailUrl":"https:\/\/geaccademy.org\/wp-content\/uploads\/2022\/10\/17-BATTERIE-ULTRACELL-Copy.png","datePublished":"2022-10-18T14:29:41+00:00","dateModified":"2022-10-18T14:31:24+00:00","description":"Les batteries gel sont des batteries \u00e9tanches : pas d'entretien, pas d'ajout d'eau distill\u00e9e. S\u00e9curit\u00e9 renforc\u00e9e par rapport aux batteries plomb ouvert.","breadcrumb":{"@id":"https:\/\/geaccademy.org\/index.php\/produit\/batterie-ultracell\/#breadcrumb"},"inLanguage":"en-US","potentialAction":[{"@type":"ReadAction","target":["https:\/\/geaccademy.org\/index.php\/produit\/batterie-ultracell\/"]}]},{"@type":"ImageObject","inLanguage":"en-US","@id":"https:\/\/geaccademy.org\/index.php\/produit\/batterie-ultracell\/#primaryimage","url":"https:\/\/geaccademy.org\/wp-content\/uploads\/2022\/10\/17-BATTERIE-ULTRACELL-Copy.png","contentUrl":"https:\/\/geaccademy.org\/wp-content\/uploads\/2022\/10\/17-BATTERIE-ULTRACELL-Copy.png","width":600,"height":460},{"@type":"BreadcrumbList","@id":"https:\/\/geaccademy.org\/index.php\/produit\/batterie-ultracell\/#breadcrumb","itemListElement":[{"@type":"ListItem","position":1,"name":"Accueil","item":"https:\/\/geaccademy.org\/"},{"@type":"ListItem","position":2,"name":"Boutique De La GSA","item":"https:\/\/geaccademy.org\/index.php\/boutique-de-la-gsa\/"},{"@type":"ListItem","position":3,"name":"Batterie Ultracell"}]},{"@type":"WebSite","@id":"https:\/\/geaccademy.org\/#website","url":"https:\/\/geaccademy.org\/","name":"German Environment Academy","description":"German Environment Academy","potentialAction":[{"@type":"SearchAction","target":{"@type":"EntryPoint","urlTemplate":"https:\/\/geaccademy.org\/?s={search_term_string}"},"query-input":{"@type":"PropertyValueSpecification","valueRequired":true,"valueName":"search_term_string"}}],"inLanguage":"en-US"}]}},"_links":{"self":[{"href":"https:\/\/geaccademy.org\/index.php\/wp-json\/wp\/v2\/product\/768","targetHints":{"allow":["GET"]}}],"collection":[{"href":"https:\/\/geaccademy.org\/index.php\/wp-json\/wp\/v2\/product"}],"about":[{"href":"https:\/\/geaccademy.org\/index.php\/wp-json\/wp\/v2\/types\/product"}],"wp:featuredmedia":[{"embeddable":true,"href":"https:\/\/geaccademy.org\/index.php\/wp-json\/wp\/v2\/media\/769"}],"wp:attachment":[{"href":"https:\/\/geaccademy.org\/index.php\/wp-json\/wp\/v2\/media?parent=768"}],"wp:term":[{"taxonomy":"product_brand","embeddable":true,"href":"https:\/\/geaccademy.org\/index.php\/wp-json\/wp\/v2\/product_brand?post=768"},{"taxonomy":"product_cat","embeddable":true,"href":"https:\/\/geaccademy.org\/index.php\/wp-json\/wp\/v2\/product_cat?post=768"},{"taxonomy":"product_tag","embeddable":true,"href":"https:\/\/geaccademy.org\/index.php\/wp-json\/wp\/v2\/product_tag?post=768"}],"curies":[{"name":"wp","href":"https:\/\/api.w.org\/{rel}","templated":true}]}}