{"id":765,"date":"2022-10-18T16:25:43","date_gmt":"2022-10-18T14:25:43","guid":{"rendered":"https:\/\/geaccademy.org\/?post_type=product&#038;p=765"},"modified":"2022-10-18T16:25:43","modified_gmt":"2022-10-18T14:25:43","slug":"onduleur-victron","status":"publish","type":"product","link":"https:\/\/geaccademy.org\/index.php\/produit\/onduleur-victron\/","title":{"rendered":"Onduleur Victron"},"content":{"rendered":"<p><b>Puissance d\u00e9multipli\u00e9e gr\u00e2ce au fonctionnement en parall\u00e8le et en triphas\u00e9<\/b>\u00a0<b>Jusqu&#8217;\u00e0 6 convertisseurs peuvent fonctionner en parall\u00e8le pour obtenir plus de puissance en sortie<\/b>. Par exemple, 6 unit\u00e9s 24\/5000 fourniront 24kW \/ 30kVA de puissance nominale. il est \u00e9galement possible d&#8217;utiliser une configuration triphas\u00e9e.<\/p>\n","protected":false},"excerpt":{"rendered":"<p>Onduleur Victron<\/p>\n<p><b>Puissance d\u00e9multipli\u00e9e gr\u00e2ce au fonctionnement en parall\u00e8le et en triphas\u00e9<\/b>\u00a0<b>Jusqu&#8217;\u00e0 6 convertisseurs peuvent fonctionner en parall\u00e8le pour obtenir plus de puissance en sortie<\/b>. Par exemple, 6 unit\u00e9s 24\/5000 fourniront 24kW \/ 30kVA de puissance nominale. il est \u00e9galement possible d&#8217;utiliser une configuration triphas\u00e9e.<\/p>\n","protected":false},"featured_media":767,"template":"","meta":{"_et_pb_use_builder":"","_et_pb_old_content":""},"product_brand":[],"product_cat":[61],"product_tag":[],"class_list":{"0":"post-765","1":"product","2":"type-product","3":"status-publish","4":"has-post-thumbnail","6":"product_cat-populaires","8":"first","9":"instock","10":"shipping-taxable","11":"purchasable","12":"product-type-simple"},"yoast_head":"<!-- This site is optimized with the Yoast SEO plugin v26.9 - https:\/\/yoast.com\/product\/yoast-seo-wordpress\/ -->\n<title>Onduleur Victron - German Environment Academy<\/title>\n<meta name=\"description\" content=\"Puissance d\u00e9multipli\u00e9e gr\u00e2ce au fonctionnement en parall\u00e8le et en triphas\u00e9 Jusqu&#039;\u00e0 6 convertisseurs peuvent fonctionner en parall\u00e8le\" \/>\n<meta name=\"robots\" content=\"index, follow, max-snippet:-1, max-image-preview:large, max-video-preview:-1\" \/>\n<link rel=\"canonical\" href=\"https:\/\/geaccademy.org\/index.php\/produit\/onduleur-victron\/\" \/>\n<meta property=\"og:locale\" content=\"en_US\" \/>\n<meta property=\"og:type\" content=\"article\" \/>\n<meta property=\"og:title\" content=\"Onduleur Victron - German Environment Academy\" \/>\n<meta property=\"og:description\" content=\"Puissance d\u00e9multipli\u00e9e gr\u00e2ce au fonctionnement en parall\u00e8le et en triphas\u00e9 Jusqu&#039;\u00e0 6 convertisseurs peuvent fonctionner en parall\u00e8le\" \/>\n<meta property=\"og:url\" content=\"https:\/\/geaccademy.org\/index.php\/produit\/onduleur-victron\/\" \/>\n<meta property=\"og:site_name\" content=\"German Environment Academy\" \/>\n<meta property=\"og:image\" content=\"https:\/\/geaccademy.org\/wp-content\/uploads\/2022\/10\/16-ONDULEUR-VICTRON-Copy.png\" \/>\n\t<meta property=\"og:image:width\" content=\"600\" \/>\n\t<meta property=\"og:image:height\" content=\"460\" \/>\n\t<meta property=\"og:image:type\" content=\"image\/png\" \/>\n<meta name=\"twitter:card\" content=\"summary_large_image\" \/>\n<meta name=\"twitter:label1\" content=\"Est. reading time\" \/>\n\t<meta name=\"twitter:data1\" content=\"1 minute\" \/>\n<script type=\"application\/ld+json\" class=\"yoast-schema-graph\">{\"@context\":\"https:\/\/schema.org\",\"@graph\":[{\"@type\":\"WebPage\",\"@id\":\"https:\/\/geaccademy.org\/index.php\/produit\/onduleur-victron\/\",\"url\":\"https:\/\/geaccademy.org\/index.php\/produit\/onduleur-victron\/\",\"name\":\"Onduleur Victron - German Environment Academy\",\"isPartOf\":{\"@id\":\"https:\/\/geaccademy.org\/#website\"},\"primaryImageOfPage\":{\"@id\":\"https:\/\/geaccademy.org\/index.php\/produit\/onduleur-victron\/#primaryimage\"},\"image\":{\"@id\":\"https:\/\/geaccademy.org\/index.php\/produit\/onduleur-victron\/#primaryimage\"},\"thumbnailUrl\":\"https:\/\/geaccademy.org\/wp-content\/uploads\/2022\/10\/16-ONDULEUR-VICTRON-Copy.png\",\"datePublished\":\"2022-10-18T14:25:43+00:00\",\"description\":\"Puissance d\u00e9multipli\u00e9e gr\u00e2ce au fonctionnement en parall\u00e8le et en triphas\u00e9 Jusqu'\u00e0 6 convertisseurs peuvent fonctionner en parall\u00e8le\",\"breadcrumb\":{\"@id\":\"https:\/\/geaccademy.org\/index.php\/produit\/onduleur-victron\/#breadcrumb\"},\"inLanguage\":\"en-US\",\"potentialAction\":[{\"@type\":\"ReadAction\",\"target\":[\"https:\/\/geaccademy.org\/index.php\/produit\/onduleur-victron\/\"]}]},{\"@type\":\"ImageObject\",\"inLanguage\":\"en-US\",\"@id\":\"https:\/\/geaccademy.org\/index.php\/produit\/onduleur-victron\/#primaryimage\",\"url\":\"https:\/\/geaccademy.org\/wp-content\/uploads\/2022\/10\/16-ONDULEUR-VICTRON-Copy.png\",\"contentUrl\":\"https:\/\/geaccademy.org\/wp-content\/uploads\/2022\/10\/16-ONDULEUR-VICTRON-Copy.png\",\"width\":600,\"height\":460},{\"@type\":\"BreadcrumbList\",\"@id\":\"https:\/\/geaccademy.org\/index.php\/produit\/onduleur-victron\/#breadcrumb\",\"itemListElement\":[{\"@type\":\"ListItem\",\"position\":1,\"name\":\"Accueil\",\"item\":\"https:\/\/geaccademy.org\/\"},{\"@type\":\"ListItem\",\"position\":2,\"name\":\"Boutique De La GSA\",\"item\":\"https:\/\/geaccademy.org\/index.php\/boutique-de-la-gsa\/\"},{\"@type\":\"ListItem\",\"position\":3,\"name\":\"Onduleur Victron\"}]},{\"@type\":\"WebSite\",\"@id\":\"https:\/\/geaccademy.org\/#website\",\"url\":\"https:\/\/geaccademy.org\/\",\"name\":\"German Environment Academy\",\"description\":\"German Environment Academy\",\"potentialAction\":[{\"@type\":\"SearchAction\",\"target\":{\"@type\":\"EntryPoint\",\"urlTemplate\":\"https:\/\/geaccademy.org\/?s={search_term_string}\"},\"query-input\":{\"@type\":\"PropertyValueSpecification\",\"valueRequired\":true,\"valueName\":\"search_term_string\"}}],\"inLanguage\":\"en-US\"}]}<\/script>\n<!-- \/ Yoast SEO plugin. -->","yoast_head_json":{"title":"Onduleur Victron - German Environment Academy","description":"Puissance d\u00e9multipli\u00e9e gr\u00e2ce au fonctionnement en parall\u00e8le et en triphas\u00e9 Jusqu'\u00e0 6 convertisseurs peuvent fonctionner en parall\u00e8le","robots":{"index":"index","follow":"follow","max-snippet":"max-snippet:-1","max-image-preview":"max-image-preview:large","max-video-preview":"max-video-preview:-1"},"canonical":"https:\/\/geaccademy.org\/index.php\/produit\/onduleur-victron\/","og_locale":"en_US","og_type":"article","og_title":"Onduleur Victron - German Environment Academy","og_description":"Puissance d\u00e9multipli\u00e9e gr\u00e2ce au fonctionnement en parall\u00e8le et en triphas\u00e9 Jusqu'\u00e0 6 convertisseurs peuvent fonctionner en parall\u00e8le","og_url":"https:\/\/geaccademy.org\/index.php\/produit\/onduleur-victron\/","og_site_name":"German Environment Academy","og_image":[{"width":600,"height":460,"url":"https:\/\/geaccademy.org\/wp-content\/uploads\/2022\/10\/16-ONDULEUR-VICTRON-Copy.png","type":"image\/png"}],"twitter_card":"summary_large_image","twitter_misc":{"Est. reading time":"1 minute"},"schema":{"@context":"https:\/\/schema.org","@graph":[{"@type":"WebPage","@id":"https:\/\/geaccademy.org\/index.php\/produit\/onduleur-victron\/","url":"https:\/\/geaccademy.org\/index.php\/produit\/onduleur-victron\/","name":"Onduleur Victron - German Environment Academy","isPartOf":{"@id":"https:\/\/geaccademy.org\/#website"},"primaryImageOfPage":{"@id":"https:\/\/geaccademy.org\/index.php\/produit\/onduleur-victron\/#primaryimage"},"image":{"@id":"https:\/\/geaccademy.org\/index.php\/produit\/onduleur-victron\/#primaryimage"},"thumbnailUrl":"https:\/\/geaccademy.org\/wp-content\/uploads\/2022\/10\/16-ONDULEUR-VICTRON-Copy.png","datePublished":"2022-10-18T14:25:43+00:00","description":"Puissance d\u00e9multipli\u00e9e gr\u00e2ce au fonctionnement en parall\u00e8le et en triphas\u00e9 Jusqu'\u00e0 6 convertisseurs peuvent fonctionner en parall\u00e8le","breadcrumb":{"@id":"https:\/\/geaccademy.org\/index.php\/produit\/onduleur-victron\/#breadcrumb"},"inLanguage":"en-US","potentialAction":[{"@type":"ReadAction","target":["https:\/\/geaccademy.org\/index.php\/produit\/onduleur-victron\/"]}]},{"@type":"ImageObject","inLanguage":"en-US","@id":"https:\/\/geaccademy.org\/index.php\/produit\/onduleur-victron\/#primaryimage","url":"https:\/\/geaccademy.org\/wp-content\/uploads\/2022\/10\/16-ONDULEUR-VICTRON-Copy.png","contentUrl":"https:\/\/geaccademy.org\/wp-content\/uploads\/2022\/10\/16-ONDULEUR-VICTRON-Copy.png","width":600,"height":460},{"@type":"BreadcrumbList","@id":"https:\/\/geaccademy.org\/index.php\/produit\/onduleur-victron\/#breadcrumb","itemListElement":[{"@type":"ListItem","position":1,"name":"Accueil","item":"https:\/\/geaccademy.org\/"},{"@type":"ListItem","position":2,"name":"Boutique De La GSA","item":"https:\/\/geaccademy.org\/index.php\/boutique-de-la-gsa\/"},{"@type":"ListItem","position":3,"name":"Onduleur Victron"}]},{"@type":"WebSite","@id":"https:\/\/geaccademy.org\/#website","url":"https:\/\/geaccademy.org\/","name":"German Environment Academy","description":"German Environment Academy","potentialAction":[{"@type":"SearchAction","target":{"@type":"EntryPoint","urlTemplate":"https:\/\/geaccademy.org\/?s={search_term_string}"},"query-input":{"@type":"PropertyValueSpecification","valueRequired":true,"valueName":"search_term_string"}}],"inLanguage":"en-US"}]}},"_links":{"self":[{"href":"https:\/\/geaccademy.org\/index.php\/wp-json\/wp\/v2\/product\/765","targetHints":{"allow":["GET"]}}],"collection":[{"href":"https:\/\/geaccademy.org\/index.php\/wp-json\/wp\/v2\/product"}],"about":[{"href":"https:\/\/geaccademy.org\/index.php\/wp-json\/wp\/v2\/types\/product"}],"wp:featuredmedia":[{"embeddable":true,"href":"https:\/\/geaccademy.org\/index.php\/wp-json\/wp\/v2\/media\/767"}],"wp:attachment":[{"href":"https:\/\/geaccademy.org\/index.php\/wp-json\/wp\/v2\/media?parent=765"}],"wp:term":[{"taxonomy":"product_brand","embeddable":true,"href":"https:\/\/geaccademy.org\/index.php\/wp-json\/wp\/v2\/product_brand?post=765"},{"taxonomy":"product_cat","embeddable":true,"href":"https:\/\/geaccademy.org\/index.php\/wp-json\/wp\/v2\/product_cat?post=765"},{"taxonomy":"product_tag","embeddable":true,"href":"https:\/\/geaccademy.org\/index.php\/wp-json\/wp\/v2\/product_tag?post=765"}],"curies":[{"name":"wp","href":"https:\/\/api.w.org\/{rel}","templated":true}]}}