{"id":756,"date":"2022-10-18T16:14:41","date_gmt":"2022-10-18T14:14:41","guid":{"rendered":"https:\/\/geaccademy.org\/?post_type=product&#038;p=756"},"modified":"2022-10-18T16:14:42","modified_gmt":"2022-10-18T14:14:42","slug":"batterie-puissance-max","status":"publish","type":"product","link":"https:\/\/geaccademy.org\/index.php\/produit\/batterie-puissance-max\/","title":{"rendered":"Batt\u00e9rie Puissance Max"},"content":{"rendered":"<p>Puissant,\u00a0<b>il d\u00e9veloppe une puissance en continu de 300 W et maximale de 500 W (puissance cr\u00eate)<\/b>. Il fonctionne avec toutes les batteries 36V MAX POWER. \u00c9quip\u00e9 d&#8217;une batterie 36V 5,0 Ah, il atteint jusqu&#8217;\u00e0 153 Wh. Pratique, il est dot\u00e9 d&#8217;une lampe LED offrant un \u00e9clairage tr\u00e8s lumineux longue dur\u00e9e.<\/p>\n","protected":false},"excerpt":{"rendered":"<p>BATTERIE PUISSANCE MAXIMALE<\/p>\n","protected":false},"featured_media":759,"template":"","meta":{"_et_pb_use_builder":"","_et_pb_old_content":""},"product_brand":[],"product_cat":[61],"product_tag":[],"class_list":{"0":"post-756","1":"product","2":"type-product","3":"status-publish","4":"has-post-thumbnail","6":"product_cat-populaires","8":"first","9":"instock","10":"shipping-taxable","11":"purchasable","12":"product-type-simple"},"yoast_head":"<!-- This site is optimized with the Yoast SEO plugin v26.9 - https:\/\/yoast.com\/product\/yoast-seo-wordpress\/ -->\n<title>Batt\u00e9rie Puissance Max - German Environment Academy<\/title>\n<meta name=\"description\" content=\"Puissant,\u00a0il d\u00e9veloppe une puissance en continu de 300 W et maximale de 500 W (puissance cr\u00eate). Il fonctionne avec toutes les batteries 36V MAX POWER.\" \/>\n<meta name=\"robots\" content=\"index, follow, max-snippet:-1, max-image-preview:large, max-video-preview:-1\" \/>\n<link rel=\"canonical\" href=\"https:\/\/geaccademy.org\/index.php\/produit\/batterie-puissance-max\/\" \/>\n<meta property=\"og:locale\" content=\"en_US\" \/>\n<meta property=\"og:type\" content=\"article\" \/>\n<meta property=\"og:title\" content=\"Batt\u00e9rie Puissance Max - German Environment Academy\" \/>\n<meta property=\"og:description\" content=\"Puissant,\u00a0il d\u00e9veloppe une puissance en continu de 300 W et maximale de 500 W (puissance cr\u00eate). Il fonctionne avec toutes les batteries 36V MAX POWER.\" \/>\n<meta property=\"og:url\" content=\"https:\/\/geaccademy.org\/index.php\/produit\/batterie-puissance-max\/\" \/>\n<meta property=\"og:site_name\" content=\"German Environment Academy\" \/>\n<meta property=\"article:modified_time\" content=\"2022-10-18T14:14:42+00:00\" \/>\n<meta property=\"og:image\" content=\"https:\/\/geaccademy.org\/wp-content\/uploads\/2022\/10\/10-BATTERY-MAX-POWER-Copy.jpg\" \/>\n\t<meta property=\"og:image:width\" content=\"600\" \/>\n\t<meta property=\"og:image:height\" content=\"460\" \/>\n\t<meta property=\"og:image:type\" content=\"image\/jpeg\" \/>\n<meta name=\"twitter:card\" content=\"summary_large_image\" \/>\n<meta name=\"twitter:label1\" content=\"Est. reading time\" \/>\n\t<meta name=\"twitter:data1\" content=\"1 minute\" \/>\n<script type=\"application\/ld+json\" class=\"yoast-schema-graph\">{\"@context\":\"https:\/\/schema.org\",\"@graph\":[{\"@type\":\"WebPage\",\"@id\":\"https:\/\/geaccademy.org\/index.php\/produit\/batterie-puissance-max\/\",\"url\":\"https:\/\/geaccademy.org\/index.php\/produit\/batterie-puissance-max\/\",\"name\":\"Batt\u00e9rie Puissance Max - German Environment Academy\",\"isPartOf\":{\"@id\":\"https:\/\/geaccademy.org\/#website\"},\"primaryImageOfPage\":{\"@id\":\"https:\/\/geaccademy.org\/index.php\/produit\/batterie-puissance-max\/#primaryimage\"},\"image\":{\"@id\":\"https:\/\/geaccademy.org\/index.php\/produit\/batterie-puissance-max\/#primaryimage\"},\"thumbnailUrl\":\"https:\/\/geaccademy.org\/wp-content\/uploads\/2022\/10\/10-BATTERY-MAX-POWER-Copy.jpg\",\"datePublished\":\"2022-10-18T14:14:41+00:00\",\"dateModified\":\"2022-10-18T14:14:42+00:00\",\"description\":\"Puissant,\u00a0il d\u00e9veloppe une puissance en continu de 300 W et maximale de 500 W (puissance cr\u00eate). Il fonctionne avec toutes les batteries 36V MAX POWER.\",\"breadcrumb\":{\"@id\":\"https:\/\/geaccademy.org\/index.php\/produit\/batterie-puissance-max\/#breadcrumb\"},\"inLanguage\":\"en-US\",\"potentialAction\":[{\"@type\":\"ReadAction\",\"target\":[\"https:\/\/geaccademy.org\/index.php\/produit\/batterie-puissance-max\/\"]}]},{\"@type\":\"ImageObject\",\"inLanguage\":\"en-US\",\"@id\":\"https:\/\/geaccademy.org\/index.php\/produit\/batterie-puissance-max\/#primaryimage\",\"url\":\"https:\/\/geaccademy.org\/wp-content\/uploads\/2022\/10\/10-BATTERY-MAX-POWER-Copy.jpg\",\"contentUrl\":\"https:\/\/geaccademy.org\/wp-content\/uploads\/2022\/10\/10-BATTERY-MAX-POWER-Copy.jpg\",\"width\":600,\"height\":460},{\"@type\":\"BreadcrumbList\",\"@id\":\"https:\/\/geaccademy.org\/index.php\/produit\/batterie-puissance-max\/#breadcrumb\",\"itemListElement\":[{\"@type\":\"ListItem\",\"position\":1,\"name\":\"Accueil\",\"item\":\"https:\/\/geaccademy.org\/\"},{\"@type\":\"ListItem\",\"position\":2,\"name\":\"Boutique De La GSA\",\"item\":\"https:\/\/geaccademy.org\/index.php\/boutique-de-la-gsa\/\"},{\"@type\":\"ListItem\",\"position\":3,\"name\":\"Batt\u00e9rie Puissance Max\"}]},{\"@type\":\"WebSite\",\"@id\":\"https:\/\/geaccademy.org\/#website\",\"url\":\"https:\/\/geaccademy.org\/\",\"name\":\"German Environment Academy\",\"description\":\"German Environment Academy\",\"potentialAction\":[{\"@type\":\"SearchAction\",\"target\":{\"@type\":\"EntryPoint\",\"urlTemplate\":\"https:\/\/geaccademy.org\/?s={search_term_string}\"},\"query-input\":{\"@type\":\"PropertyValueSpecification\",\"valueRequired\":true,\"valueName\":\"search_term_string\"}}],\"inLanguage\":\"en-US\"}]}<\/script>\n<!-- \/ Yoast SEO plugin. -->","yoast_head_json":{"title":"Batt\u00e9rie Puissance Max - German Environment Academy","description":"Puissant,\u00a0il d\u00e9veloppe une puissance en continu de 300 W et maximale de 500 W (puissance cr\u00eate). Il fonctionne avec toutes les batteries 36V MAX POWER.","robots":{"index":"index","follow":"follow","max-snippet":"max-snippet:-1","max-image-preview":"max-image-preview:large","max-video-preview":"max-video-preview:-1"},"canonical":"https:\/\/geaccademy.org\/index.php\/produit\/batterie-puissance-max\/","og_locale":"en_US","og_type":"article","og_title":"Batt\u00e9rie Puissance Max - German Environment Academy","og_description":"Puissant,\u00a0il d\u00e9veloppe une puissance en continu de 300 W et maximale de 500 W (puissance cr\u00eate). Il fonctionne avec toutes les batteries 36V MAX POWER.","og_url":"https:\/\/geaccademy.org\/index.php\/produit\/batterie-puissance-max\/","og_site_name":"German Environment Academy","article_modified_time":"2022-10-18T14:14:42+00:00","og_image":[{"width":600,"height":460,"url":"https:\/\/geaccademy.org\/wp-content\/uploads\/2022\/10\/10-BATTERY-MAX-POWER-Copy.jpg","type":"image\/jpeg"}],"twitter_card":"summary_large_image","twitter_misc":{"Est. reading time":"1 minute"},"schema":{"@context":"https:\/\/schema.org","@graph":[{"@type":"WebPage","@id":"https:\/\/geaccademy.org\/index.php\/produit\/batterie-puissance-max\/","url":"https:\/\/geaccademy.org\/index.php\/produit\/batterie-puissance-max\/","name":"Batt\u00e9rie Puissance Max - German Environment Academy","isPartOf":{"@id":"https:\/\/geaccademy.org\/#website"},"primaryImageOfPage":{"@id":"https:\/\/geaccademy.org\/index.php\/produit\/batterie-puissance-max\/#primaryimage"},"image":{"@id":"https:\/\/geaccademy.org\/index.php\/produit\/batterie-puissance-max\/#primaryimage"},"thumbnailUrl":"https:\/\/geaccademy.org\/wp-content\/uploads\/2022\/10\/10-BATTERY-MAX-POWER-Copy.jpg","datePublished":"2022-10-18T14:14:41+00:00","dateModified":"2022-10-18T14:14:42+00:00","description":"Puissant,\u00a0il d\u00e9veloppe une puissance en continu de 300 W et maximale de 500 W (puissance cr\u00eate). Il fonctionne avec toutes les batteries 36V MAX POWER.","breadcrumb":{"@id":"https:\/\/geaccademy.org\/index.php\/produit\/batterie-puissance-max\/#breadcrumb"},"inLanguage":"en-US","potentialAction":[{"@type":"ReadAction","target":["https:\/\/geaccademy.org\/index.php\/produit\/batterie-puissance-max\/"]}]},{"@type":"ImageObject","inLanguage":"en-US","@id":"https:\/\/geaccademy.org\/index.php\/produit\/batterie-puissance-max\/#primaryimage","url":"https:\/\/geaccademy.org\/wp-content\/uploads\/2022\/10\/10-BATTERY-MAX-POWER-Copy.jpg","contentUrl":"https:\/\/geaccademy.org\/wp-content\/uploads\/2022\/10\/10-BATTERY-MAX-POWER-Copy.jpg","width":600,"height":460},{"@type":"BreadcrumbList","@id":"https:\/\/geaccademy.org\/index.php\/produit\/batterie-puissance-max\/#breadcrumb","itemListElement":[{"@type":"ListItem","position":1,"name":"Accueil","item":"https:\/\/geaccademy.org\/"},{"@type":"ListItem","position":2,"name":"Boutique De La GSA","item":"https:\/\/geaccademy.org\/index.php\/boutique-de-la-gsa\/"},{"@type":"ListItem","position":3,"name":"Batt\u00e9rie Puissance Max"}]},{"@type":"WebSite","@id":"https:\/\/geaccademy.org\/#website","url":"https:\/\/geaccademy.org\/","name":"German Environment Academy","description":"German Environment Academy","potentialAction":[{"@type":"SearchAction","target":{"@type":"EntryPoint","urlTemplate":"https:\/\/geaccademy.org\/?s={search_term_string}"},"query-input":{"@type":"PropertyValueSpecification","valueRequired":true,"valueName":"search_term_string"}}],"inLanguage":"en-US"}]}},"_links":{"self":[{"href":"https:\/\/geaccademy.org\/index.php\/wp-json\/wp\/v2\/product\/756","targetHints":{"allow":["GET"]}}],"collection":[{"href":"https:\/\/geaccademy.org\/index.php\/wp-json\/wp\/v2\/product"}],"about":[{"href":"https:\/\/geaccademy.org\/index.php\/wp-json\/wp\/v2\/types\/product"}],"wp:featuredmedia":[{"embeddable":true,"href":"https:\/\/geaccademy.org\/index.php\/wp-json\/wp\/v2\/media\/759"}],"wp:attachment":[{"href":"https:\/\/geaccademy.org\/index.php\/wp-json\/wp\/v2\/media?parent=756"}],"wp:term":[{"taxonomy":"product_brand","embeddable":true,"href":"https:\/\/geaccademy.org\/index.php\/wp-json\/wp\/v2\/product_brand?post=756"},{"taxonomy":"product_cat","embeddable":true,"href":"https:\/\/geaccademy.org\/index.php\/wp-json\/wp\/v2\/product_cat?post=756"},{"taxonomy":"product_tag","embeddable":true,"href":"https:\/\/geaccademy.org\/index.php\/wp-json\/wp\/v2\/product_tag?post=756"}],"curies":[{"name":"wp","href":"https:\/\/api.w.org\/{rel}","templated":true}]}}