{"id":754,"date":"2022-10-18T16:04:37","date_gmt":"2022-10-18T14:04:37","guid":{"rendered":"https:\/\/geaccademy.org\/?post_type=product&#038;p=754"},"modified":"2022-10-18T16:04:37","modified_gmt":"2022-10-18T14:04:37","slug":"batterie-siga","status":"publish","type":"product","link":"https:\/\/geaccademy.org\/index.php\/produit\/batterie-siga\/","title":{"rendered":"BATTERIE SIGA"},"content":{"rendered":"<p>Les batteries SIGA SOLAR AGM utilisent une structure de plaque sp\u00e9ciale plus \u00e9paisse avec un mat\u00e9riau actif r\u00e9sistant aux cycles pour des charges et des d\u00e9charges r\u00e9p\u00e9t\u00e9es et peuvent \u00eatre utilis\u00e9es \u00e0 l&#8217;int\u00e9rieur.<br \/>\nSIGA SOLAR sont des batteries \u00e0 cycle profond optimis\u00e9es pour les applications solaires et photovolta\u00efques. Ces batteries solaires fournissent beaucoup plus de charge.<\/p>\n<p>Stabilit\u00e9 de cycle \u00e9lev\u00e9e gr\u00e2ce \u00e0 une construction de plaque am\u00e9lior\u00e9e. SIGA SOLAR sont des batteries \u00e0 cycle profond optimis\u00e9es pour les applications solaires et photovolta\u00efques. Ces batteries solaires fournissent beaucoup plus de cycles de charge et de d\u00e9charge que les batteries d&#8217;alimentation standard. Ils sont con\u00e7us pour le fonctionnement \u00e0 v\u00e9lo et sont principalement dus aux zones de loisirs, marine \/ bateau et RV. En ce qui concerne la r\u00e9sistance cyclique, SIGA Solar d\u00e9passe les exigences de la r\u00e9glementation DIN (norme industrielle allemande) de 600 cycles de charge et de d\u00e9charge.<\/p>\n","protected":false},"excerpt":{"rendered":"<p>BATTERIE SIGA<\/p>\n<p>Les batteries SIGA SOLAR AGM utilisent une structure de plaque sp\u00e9ciale plus \u00e9paisse avec un mat\u00e9riau actif r\u00e9sistant aux cycles pour des charges et des d\u00e9charges r\u00e9p\u00e9t\u00e9es et peuvent \u00eatre utilis\u00e9es \u00e0 l&#8217;int\u00e9rieur.<\/p>\n","protected":false},"featured_media":755,"template":"","meta":{"_et_pb_use_builder":"","_et_pb_old_content":""},"product_brand":[],"product_cat":[60],"product_tag":[],"class_list":{"0":"post-754","1":"product","2":"type-product","3":"status-publish","4":"has-post-thumbnail","6":"product_cat-a-la-une","8":"first","9":"instock","10":"shipping-taxable","11":"purchasable","12":"product-type-simple"},"yoast_head":"<!-- This site is optimized with the Yoast SEO plugin v26.9 - https:\/\/yoast.com\/product\/yoast-seo-wordpress\/ -->\n<title>BATTERIE SIGA - German Environment Academy<\/title>\n<meta name=\"description\" content=\"Les batteries SIGA SOLAR AGM utilisent une structure de plaque sp\u00e9ciale plus \u00e9paisse avec un mat\u00e9riau actif r\u00e9sistant aux cycles\" \/>\n<meta name=\"robots\" content=\"index, follow, max-snippet:-1, max-image-preview:large, max-video-preview:-1\" \/>\n<link rel=\"canonical\" href=\"https:\/\/geaccademy.org\/index.php\/produit\/batterie-siga\/\" \/>\n<meta property=\"og:locale\" content=\"en_US\" \/>\n<meta property=\"og:type\" content=\"article\" \/>\n<meta property=\"og:title\" content=\"BATTERIE SIGA - German Environment Academy\" \/>\n<meta property=\"og:description\" content=\"Les batteries SIGA SOLAR AGM utilisent une structure de plaque sp\u00e9ciale plus \u00e9paisse avec un mat\u00e9riau actif r\u00e9sistant aux cycles\" \/>\n<meta property=\"og:url\" content=\"https:\/\/geaccademy.org\/index.php\/produit\/batterie-siga\/\" \/>\n<meta property=\"og:site_name\" content=\"German Environment Academy\" \/>\n<meta property=\"og:image\" content=\"https:\/\/geaccademy.org\/wp-content\/uploads\/2022\/10\/0-SIGA-BATTERY.jpg\" \/>\n\t<meta property=\"og:image:width\" content=\"600\" \/>\n\t<meta property=\"og:image:height\" content=\"460\" \/>\n\t<meta property=\"og:image:type\" content=\"image\/jpeg\" \/>\n<meta name=\"twitter:card\" content=\"summary_large_image\" \/>\n<meta name=\"twitter:label1\" content=\"Est. reading time\" \/>\n\t<meta name=\"twitter:data1\" content=\"1 minute\" \/>\n<script type=\"application\/ld+json\" class=\"yoast-schema-graph\">{\"@context\":\"https:\/\/schema.org\",\"@graph\":[{\"@type\":\"WebPage\",\"@id\":\"https:\/\/geaccademy.org\/index.php\/produit\/batterie-siga\/\",\"url\":\"https:\/\/geaccademy.org\/index.php\/produit\/batterie-siga\/\",\"name\":\"BATTERIE SIGA - German Environment Academy\",\"isPartOf\":{\"@id\":\"https:\/\/geaccademy.org\/#website\"},\"primaryImageOfPage\":{\"@id\":\"https:\/\/geaccademy.org\/index.php\/produit\/batterie-siga\/#primaryimage\"},\"image\":{\"@id\":\"https:\/\/geaccademy.org\/index.php\/produit\/batterie-siga\/#primaryimage\"},\"thumbnailUrl\":\"https:\/\/geaccademy.org\/wp-content\/uploads\/2022\/10\/0-SIGA-BATTERY.jpg\",\"datePublished\":\"2022-10-18T14:04:37+00:00\",\"description\":\"Les batteries SIGA SOLAR AGM utilisent une structure de plaque sp\u00e9ciale plus \u00e9paisse avec un mat\u00e9riau actif r\u00e9sistant aux cycles\",\"breadcrumb\":{\"@id\":\"https:\/\/geaccademy.org\/index.php\/produit\/batterie-siga\/#breadcrumb\"},\"inLanguage\":\"en-US\",\"potentialAction\":[{\"@type\":\"ReadAction\",\"target\":[\"https:\/\/geaccademy.org\/index.php\/produit\/batterie-siga\/\"]}]},{\"@type\":\"ImageObject\",\"inLanguage\":\"en-US\",\"@id\":\"https:\/\/geaccademy.org\/index.php\/produit\/batterie-siga\/#primaryimage\",\"url\":\"https:\/\/geaccademy.org\/wp-content\/uploads\/2022\/10\/0-SIGA-BATTERY.jpg\",\"contentUrl\":\"https:\/\/geaccademy.org\/wp-content\/uploads\/2022\/10\/0-SIGA-BATTERY.jpg\",\"width\":600,\"height\":460},{\"@type\":\"BreadcrumbList\",\"@id\":\"https:\/\/geaccademy.org\/index.php\/produit\/batterie-siga\/#breadcrumb\",\"itemListElement\":[{\"@type\":\"ListItem\",\"position\":1,\"name\":\"Accueil\",\"item\":\"https:\/\/geaccademy.org\/\"},{\"@type\":\"ListItem\",\"position\":2,\"name\":\"Boutique De La GSA\",\"item\":\"https:\/\/geaccademy.org\/index.php\/boutique-de-la-gsa\/\"},{\"@type\":\"ListItem\",\"position\":3,\"name\":\"BATTERIE SIGA\"}]},{\"@type\":\"WebSite\",\"@id\":\"https:\/\/geaccademy.org\/#website\",\"url\":\"https:\/\/geaccademy.org\/\",\"name\":\"German Environment Academy\",\"description\":\"German Environment Academy\",\"potentialAction\":[{\"@type\":\"SearchAction\",\"target\":{\"@type\":\"EntryPoint\",\"urlTemplate\":\"https:\/\/geaccademy.org\/?s={search_term_string}\"},\"query-input\":{\"@type\":\"PropertyValueSpecification\",\"valueRequired\":true,\"valueName\":\"search_term_string\"}}],\"inLanguage\":\"en-US\"}]}<\/script>\n<!-- \/ Yoast SEO plugin. -->","yoast_head_json":{"title":"BATTERIE SIGA - German Environment Academy","description":"Les batteries SIGA SOLAR AGM utilisent une structure de plaque sp\u00e9ciale plus \u00e9paisse avec un mat\u00e9riau actif r\u00e9sistant aux cycles","robots":{"index":"index","follow":"follow","max-snippet":"max-snippet:-1","max-image-preview":"max-image-preview:large","max-video-preview":"max-video-preview:-1"},"canonical":"https:\/\/geaccademy.org\/index.php\/produit\/batterie-siga\/","og_locale":"en_US","og_type":"article","og_title":"BATTERIE SIGA - German Environment Academy","og_description":"Les batteries SIGA SOLAR AGM utilisent une structure de plaque sp\u00e9ciale plus \u00e9paisse avec un mat\u00e9riau actif r\u00e9sistant aux cycles","og_url":"https:\/\/geaccademy.org\/index.php\/produit\/batterie-siga\/","og_site_name":"German Environment Academy","og_image":[{"width":600,"height":460,"url":"https:\/\/geaccademy.org\/wp-content\/uploads\/2022\/10\/0-SIGA-BATTERY.jpg","type":"image\/jpeg"}],"twitter_card":"summary_large_image","twitter_misc":{"Est. reading time":"1 minute"},"schema":{"@context":"https:\/\/schema.org","@graph":[{"@type":"WebPage","@id":"https:\/\/geaccademy.org\/index.php\/produit\/batterie-siga\/","url":"https:\/\/geaccademy.org\/index.php\/produit\/batterie-siga\/","name":"BATTERIE SIGA - German Environment Academy","isPartOf":{"@id":"https:\/\/geaccademy.org\/#website"},"primaryImageOfPage":{"@id":"https:\/\/geaccademy.org\/index.php\/produit\/batterie-siga\/#primaryimage"},"image":{"@id":"https:\/\/geaccademy.org\/index.php\/produit\/batterie-siga\/#primaryimage"},"thumbnailUrl":"https:\/\/geaccademy.org\/wp-content\/uploads\/2022\/10\/0-SIGA-BATTERY.jpg","datePublished":"2022-10-18T14:04:37+00:00","description":"Les batteries SIGA SOLAR AGM utilisent une structure de plaque sp\u00e9ciale plus \u00e9paisse avec un mat\u00e9riau actif r\u00e9sistant aux cycles","breadcrumb":{"@id":"https:\/\/geaccademy.org\/index.php\/produit\/batterie-siga\/#breadcrumb"},"inLanguage":"en-US","potentialAction":[{"@type":"ReadAction","target":["https:\/\/geaccademy.org\/index.php\/produit\/batterie-siga\/"]}]},{"@type":"ImageObject","inLanguage":"en-US","@id":"https:\/\/geaccademy.org\/index.php\/produit\/batterie-siga\/#primaryimage","url":"https:\/\/geaccademy.org\/wp-content\/uploads\/2022\/10\/0-SIGA-BATTERY.jpg","contentUrl":"https:\/\/geaccademy.org\/wp-content\/uploads\/2022\/10\/0-SIGA-BATTERY.jpg","width":600,"height":460},{"@type":"BreadcrumbList","@id":"https:\/\/geaccademy.org\/index.php\/produit\/batterie-siga\/#breadcrumb","itemListElement":[{"@type":"ListItem","position":1,"name":"Accueil","item":"https:\/\/geaccademy.org\/"},{"@type":"ListItem","position":2,"name":"Boutique De La GSA","item":"https:\/\/geaccademy.org\/index.php\/boutique-de-la-gsa\/"},{"@type":"ListItem","position":3,"name":"BATTERIE SIGA"}]},{"@type":"WebSite","@id":"https:\/\/geaccademy.org\/#website","url":"https:\/\/geaccademy.org\/","name":"German Environment Academy","description":"German Environment Academy","potentialAction":[{"@type":"SearchAction","target":{"@type":"EntryPoint","urlTemplate":"https:\/\/geaccademy.org\/?s={search_term_string}"},"query-input":{"@type":"PropertyValueSpecification","valueRequired":true,"valueName":"search_term_string"}}],"inLanguage":"en-US"}]}},"_links":{"self":[{"href":"https:\/\/geaccademy.org\/index.php\/wp-json\/wp\/v2\/product\/754","targetHints":{"allow":["GET"]}}],"collection":[{"href":"https:\/\/geaccademy.org\/index.php\/wp-json\/wp\/v2\/product"}],"about":[{"href":"https:\/\/geaccademy.org\/index.php\/wp-json\/wp\/v2\/types\/product"}],"wp:featuredmedia":[{"embeddable":true,"href":"https:\/\/geaccademy.org\/index.php\/wp-json\/wp\/v2\/media\/755"}],"wp:attachment":[{"href":"https:\/\/geaccademy.org\/index.php\/wp-json\/wp\/v2\/media?parent=754"}],"wp:term":[{"taxonomy":"product_brand","embeddable":true,"href":"https:\/\/geaccademy.org\/index.php\/wp-json\/wp\/v2\/product_brand?post=754"},{"taxonomy":"product_cat","embeddable":true,"href":"https:\/\/geaccademy.org\/index.php\/wp-json\/wp\/v2\/product_cat?post=754"},{"taxonomy":"product_tag","embeddable":true,"href":"https:\/\/geaccademy.org\/index.php\/wp-json\/wp\/v2\/product_tag?post=754"}],"curies":[{"name":"wp","href":"https:\/\/api.w.org\/{rel}","templated":true}]}}