{"id":752,"date":"2022-10-18T16:09:16","date_gmt":"2022-10-18T14:09:16","guid":{"rendered":"https:\/\/geaccademy.org\/?post_type=product&#038;p=752"},"modified":"2022-10-18T16:09:17","modified_gmt":"2022-10-18T14:09:17","slug":"onduleurs-solaires","status":"publish","type":"product","link":"https:\/\/geaccademy.org\/index.php\/produit\/onduleurs-solaires\/","title":{"rendered":"Onduleurs Solaires"},"content":{"rendered":"<p>Les\u00a0<b>caract\u00e9ristiques des batteries sont<\/b>\u00a0souvent donn\u00e9es pour des d\u00e9charges de 20, 100 ou 120 heures (C20, C100 ou C120) et pour une temp\u00e9rature de 25\u00b0C. On parle alors de capacit\u00e9 nominale. Le seul inconv\u00e9nient des panneaux\u00a0<b>solaires<\/b>\u00a0photovolta\u00efques, c&#8217;<b>est<\/b>\u00a0qu&#8217;ils ne produisent de l&#8217;\u00e9nergie que le jour.<\/p>\n","protected":false},"excerpt":{"rendered":"<p>Onduleurs Solaires<\/p>\n<p>Les\u00a0<b>caract\u00e9ristiques des batteries sont<\/b>\u00a0souvent donn\u00e9es pour des d\u00e9charges de 20, 100 ou 120 heures (C20, C100 ou C120) et pour une temp\u00e9rature de 25\u00b0C. On parle alors de capacit\u00e9 nominale. Le seul inconv\u00e9nient des panneaux\u00a0<b>solaires<\/b>\u00a0photovolta\u00efques, c&#8217;<b>est<\/b>\u00a0qu&#8217;ils ne produisent de l&#8217;\u00e9nergie que le jour.<\/p>\n","protected":false},"featured_media":758,"template":"","meta":{"_et_pb_use_builder":"","_et_pb_old_content":""},"product_brand":[],"product_cat":[60],"product_tag":[],"class_list":{"0":"post-752","1":"product","2":"type-product","3":"status-publish","4":"has-post-thumbnail","6":"product_cat-a-la-une","8":"first","9":"instock","10":"shipping-taxable","11":"purchasable","12":"product-type-simple"},"yoast_head":"<!-- This site is optimized with the Yoast SEO plugin v26.9 - https:\/\/yoast.com\/product\/yoast-seo-wordpress\/ -->\n<title>Onduleurs Solaires - German Environment Academy<\/title>\n<meta name=\"description\" content=\"Les caract\u00e9ristiques des batteries sont souvent donn\u00e9es pour des d\u00e9charges de 20, 100 ou 120 heures (C20, C100 ou C120) et pour une temp\u00e9rature de 25\u00b0C.\" \/>\n<meta name=\"robots\" content=\"index, follow, max-snippet:-1, max-image-preview:large, max-video-preview:-1\" \/>\n<link rel=\"canonical\" href=\"https:\/\/geaccademy.org\/index.php\/produit\/onduleurs-solaires\/\" \/>\n<meta property=\"og:locale\" content=\"en_US\" \/>\n<meta property=\"og:type\" content=\"article\" \/>\n<meta property=\"og:title\" content=\"Onduleurs Solaires - German Environment Academy\" \/>\n<meta property=\"og:description\" content=\"Les caract\u00e9ristiques des batteries sont souvent donn\u00e9es pour des d\u00e9charges de 20, 100 ou 120 heures (C20, C100 ou C120) et pour une temp\u00e9rature de 25\u00b0C.\" \/>\n<meta property=\"og:url\" content=\"https:\/\/geaccademy.org\/index.php\/produit\/onduleurs-solaires\/\" \/>\n<meta property=\"og:site_name\" content=\"German Environment Academy\" \/>\n<meta property=\"article:modified_time\" content=\"2022-10-18T14:09:17+00:00\" \/>\n<meta property=\"og:image\" content=\"https:\/\/geaccademy.org\/wp-content\/uploads\/2022\/10\/9-onduleurs-solaires_-Copy.jpg\" \/>\n\t<meta property=\"og:image:width\" content=\"600\" \/>\n\t<meta property=\"og:image:height\" content=\"460\" \/>\n\t<meta property=\"og:image:type\" content=\"image\/jpeg\" \/>\n<meta name=\"twitter:card\" content=\"summary_large_image\" \/>\n<meta name=\"twitter:label1\" content=\"Est. reading time\" \/>\n\t<meta name=\"twitter:data1\" content=\"1 minute\" \/>\n<script type=\"application\/ld+json\" class=\"yoast-schema-graph\">{\"@context\":\"https:\/\/schema.org\",\"@graph\":[{\"@type\":\"WebPage\",\"@id\":\"https:\/\/geaccademy.org\/index.php\/produit\/onduleurs-solaires\/\",\"url\":\"https:\/\/geaccademy.org\/index.php\/produit\/onduleurs-solaires\/\",\"name\":\"Onduleurs Solaires - German Environment Academy\",\"isPartOf\":{\"@id\":\"https:\/\/geaccademy.org\/#website\"},\"primaryImageOfPage\":{\"@id\":\"https:\/\/geaccademy.org\/index.php\/produit\/onduleurs-solaires\/#primaryimage\"},\"image\":{\"@id\":\"https:\/\/geaccademy.org\/index.php\/produit\/onduleurs-solaires\/#primaryimage\"},\"thumbnailUrl\":\"https:\/\/geaccademy.org\/wp-content\/uploads\/2022\/10\/9-onduleurs-solaires_-Copy.jpg\",\"datePublished\":\"2022-10-18T14:09:16+00:00\",\"dateModified\":\"2022-10-18T14:09:17+00:00\",\"description\":\"Les caract\u00e9ristiques des batteries sont souvent donn\u00e9es pour des d\u00e9charges de 20, 100 ou 120 heures (C20, C100 ou C120) et pour une temp\u00e9rature de 25\u00b0C.\",\"breadcrumb\":{\"@id\":\"https:\/\/geaccademy.org\/index.php\/produit\/onduleurs-solaires\/#breadcrumb\"},\"inLanguage\":\"en-US\",\"potentialAction\":[{\"@type\":\"ReadAction\",\"target\":[\"https:\/\/geaccademy.org\/index.php\/produit\/onduleurs-solaires\/\"]}]},{\"@type\":\"ImageObject\",\"inLanguage\":\"en-US\",\"@id\":\"https:\/\/geaccademy.org\/index.php\/produit\/onduleurs-solaires\/#primaryimage\",\"url\":\"https:\/\/geaccademy.org\/wp-content\/uploads\/2022\/10\/9-onduleurs-solaires_-Copy.jpg\",\"contentUrl\":\"https:\/\/geaccademy.org\/wp-content\/uploads\/2022\/10\/9-onduleurs-solaires_-Copy.jpg\",\"width\":600,\"height\":460},{\"@type\":\"BreadcrumbList\",\"@id\":\"https:\/\/geaccademy.org\/index.php\/produit\/onduleurs-solaires\/#breadcrumb\",\"itemListElement\":[{\"@type\":\"ListItem\",\"position\":1,\"name\":\"Accueil\",\"item\":\"https:\/\/geaccademy.org\/\"},{\"@type\":\"ListItem\",\"position\":2,\"name\":\"Boutique De La GSA\",\"item\":\"https:\/\/geaccademy.org\/index.php\/boutique-de-la-gsa\/\"},{\"@type\":\"ListItem\",\"position\":3,\"name\":\"Onduleurs Solaires\"}]},{\"@type\":\"WebSite\",\"@id\":\"https:\/\/geaccademy.org\/#website\",\"url\":\"https:\/\/geaccademy.org\/\",\"name\":\"German Environment Academy\",\"description\":\"German Environment Academy\",\"potentialAction\":[{\"@type\":\"SearchAction\",\"target\":{\"@type\":\"EntryPoint\",\"urlTemplate\":\"https:\/\/geaccademy.org\/?s={search_term_string}\"},\"query-input\":{\"@type\":\"PropertyValueSpecification\",\"valueRequired\":true,\"valueName\":\"search_term_string\"}}],\"inLanguage\":\"en-US\"}]}<\/script>\n<!-- \/ Yoast SEO plugin. -->","yoast_head_json":{"title":"Onduleurs Solaires - German Environment Academy","description":"Les caract\u00e9ristiques des batteries sont souvent donn\u00e9es pour des d\u00e9charges de 20, 100 ou 120 heures (C20, C100 ou C120) et pour une temp\u00e9rature de 25\u00b0C.","robots":{"index":"index","follow":"follow","max-snippet":"max-snippet:-1","max-image-preview":"max-image-preview:large","max-video-preview":"max-video-preview:-1"},"canonical":"https:\/\/geaccademy.org\/index.php\/produit\/onduleurs-solaires\/","og_locale":"en_US","og_type":"article","og_title":"Onduleurs Solaires - German Environment Academy","og_description":"Les caract\u00e9ristiques des batteries sont souvent donn\u00e9es pour des d\u00e9charges de 20, 100 ou 120 heures (C20, C100 ou C120) et pour une temp\u00e9rature de 25\u00b0C.","og_url":"https:\/\/geaccademy.org\/index.php\/produit\/onduleurs-solaires\/","og_site_name":"German Environment Academy","article_modified_time":"2022-10-18T14:09:17+00:00","og_image":[{"width":600,"height":460,"url":"https:\/\/geaccademy.org\/wp-content\/uploads\/2022\/10\/9-onduleurs-solaires_-Copy.jpg","type":"image\/jpeg"}],"twitter_card":"summary_large_image","twitter_misc":{"Est. reading time":"1 minute"},"schema":{"@context":"https:\/\/schema.org","@graph":[{"@type":"WebPage","@id":"https:\/\/geaccademy.org\/index.php\/produit\/onduleurs-solaires\/","url":"https:\/\/geaccademy.org\/index.php\/produit\/onduleurs-solaires\/","name":"Onduleurs Solaires - German Environment Academy","isPartOf":{"@id":"https:\/\/geaccademy.org\/#website"},"primaryImageOfPage":{"@id":"https:\/\/geaccademy.org\/index.php\/produit\/onduleurs-solaires\/#primaryimage"},"image":{"@id":"https:\/\/geaccademy.org\/index.php\/produit\/onduleurs-solaires\/#primaryimage"},"thumbnailUrl":"https:\/\/geaccademy.org\/wp-content\/uploads\/2022\/10\/9-onduleurs-solaires_-Copy.jpg","datePublished":"2022-10-18T14:09:16+00:00","dateModified":"2022-10-18T14:09:17+00:00","description":"Les caract\u00e9ristiques des batteries sont souvent donn\u00e9es pour des d\u00e9charges de 20, 100 ou 120 heures (C20, C100 ou C120) et pour une temp\u00e9rature de 25\u00b0C.","breadcrumb":{"@id":"https:\/\/geaccademy.org\/index.php\/produit\/onduleurs-solaires\/#breadcrumb"},"inLanguage":"en-US","potentialAction":[{"@type":"ReadAction","target":["https:\/\/geaccademy.org\/index.php\/produit\/onduleurs-solaires\/"]}]},{"@type":"ImageObject","inLanguage":"en-US","@id":"https:\/\/geaccademy.org\/index.php\/produit\/onduleurs-solaires\/#primaryimage","url":"https:\/\/geaccademy.org\/wp-content\/uploads\/2022\/10\/9-onduleurs-solaires_-Copy.jpg","contentUrl":"https:\/\/geaccademy.org\/wp-content\/uploads\/2022\/10\/9-onduleurs-solaires_-Copy.jpg","width":600,"height":460},{"@type":"BreadcrumbList","@id":"https:\/\/geaccademy.org\/index.php\/produit\/onduleurs-solaires\/#breadcrumb","itemListElement":[{"@type":"ListItem","position":1,"name":"Accueil","item":"https:\/\/geaccademy.org\/"},{"@type":"ListItem","position":2,"name":"Boutique De La GSA","item":"https:\/\/geaccademy.org\/index.php\/boutique-de-la-gsa\/"},{"@type":"ListItem","position":3,"name":"Onduleurs Solaires"}]},{"@type":"WebSite","@id":"https:\/\/geaccademy.org\/#website","url":"https:\/\/geaccademy.org\/","name":"German Environment Academy","description":"German Environment Academy","potentialAction":[{"@type":"SearchAction","target":{"@type":"EntryPoint","urlTemplate":"https:\/\/geaccademy.org\/?s={search_term_string}"},"query-input":{"@type":"PropertyValueSpecification","valueRequired":true,"valueName":"search_term_string"}}],"inLanguage":"en-US"}]}},"_links":{"self":[{"href":"https:\/\/geaccademy.org\/index.php\/wp-json\/wp\/v2\/product\/752","targetHints":{"allow":["GET"]}}],"collection":[{"href":"https:\/\/geaccademy.org\/index.php\/wp-json\/wp\/v2\/product"}],"about":[{"href":"https:\/\/geaccademy.org\/index.php\/wp-json\/wp\/v2\/types\/product"}],"wp:featuredmedia":[{"embeddable":true,"href":"https:\/\/geaccademy.org\/index.php\/wp-json\/wp\/v2\/media\/758"}],"wp:attachment":[{"href":"https:\/\/geaccademy.org\/index.php\/wp-json\/wp\/v2\/media?parent=752"}],"wp:term":[{"taxonomy":"product_brand","embeddable":true,"href":"https:\/\/geaccademy.org\/index.php\/wp-json\/wp\/v2\/product_brand?post=752"},{"taxonomy":"product_cat","embeddable":true,"href":"https:\/\/geaccademy.org\/index.php\/wp-json\/wp\/v2\/product_cat?post=752"},{"taxonomy":"product_tag","embeddable":true,"href":"https:\/\/geaccademy.org\/index.php\/wp-json\/wp\/v2\/product_tag?post=752"}],"curies":[{"name":"wp","href":"https:\/\/api.w.org\/{rel}","templated":true}]}}