{"id":748,"date":"2022-10-18T15:59:49","date_gmt":"2022-10-18T13:59:49","guid":{"rendered":"https:\/\/geaccademy.org\/?post_type=product&#038;p=748"},"modified":"2022-10-18T15:59:49","modified_gmt":"2022-10-18T13:59:49","slug":"regulateur-mppt","status":"publish","type":"product","link":"https:\/\/geaccademy.org\/index.php\/produit\/regulateur-mppt\/","title":{"rendered":"Regulateur MPPT"},"content":{"rendered":"<p>Le\u00a0<b>r\u00e9gulateur MPPT<\/b>\u00a0re\u00e7oit 7,1 Amp\u00e8res de courant (ou d&#8217;intensit\u00e9) sous une tension de 16,9 Volts. Il convertit ces 7,1 Amp\u00e8res sous 16,9 Volts en 9,6 Amp\u00e8res sous 12,5 Volts avant de les fournir au dispositif batterie.<\/p>\n","protected":false},"excerpt":{"rendered":"<p>Regulateur MPPT<\/p>\n<p>Le\u00a0<b>r\u00e9gulateur MPPT<\/b>\u00a0re\u00e7oit 7,1 Amp\u00e8res de courant (ou d&#8217;intensit\u00e9) sous une tension de 16,9 Volts. Il convertit ces 7,1 Amp\u00e8res sous 16,9 Volts en 9,6 Amp\u00e8res sous 12,5 Volts avant de les fournir au dispositif batterie.<\/p>\n","protected":false},"featured_media":753,"template":"","meta":{"_et_pb_use_builder":"","_et_pb_old_content":""},"product_brand":[],"product_cat":[62],"product_tag":[],"class_list":{"0":"post-748","1":"product","2":"type-product","3":"status-publish","4":"has-post-thumbnail","6":"product_cat-nouveautes","8":"first","9":"instock","10":"shipping-taxable","11":"purchasable","12":"product-type-simple"},"yoast_head":"<!-- This site is optimized with the Yoast SEO plugin v26.9 - https:\/\/yoast.com\/product\/yoast-seo-wordpress\/ -->\n<title>Regulateur MPPT - German Environment Academy<\/title>\n<meta name=\"description\" content=\"Le r\u00e9gulateur MPPT re\u00e7oit 7,1 Amp\u00e8res de courant (ou d&#039;intensit\u00e9) sous une tension de 16,9 Volts. Il convertit ces 7,1 Amp\u00e8res sous 16,9 Volts\" \/>\n<meta name=\"robots\" content=\"index, follow, max-snippet:-1, max-image-preview:large, max-video-preview:-1\" \/>\n<link rel=\"canonical\" href=\"https:\/\/geaccademy.org\/index.php\/produit\/regulateur-mppt\/\" \/>\n<meta property=\"og:locale\" content=\"en_US\" \/>\n<meta property=\"og:type\" content=\"article\" \/>\n<meta property=\"og:title\" content=\"Regulateur MPPT - German Environment Academy\" \/>\n<meta property=\"og:description\" content=\"Le r\u00e9gulateur MPPT re\u00e7oit 7,1 Amp\u00e8res de courant (ou d&#039;intensit\u00e9) sous une tension de 16,9 Volts. Il convertit ces 7,1 Amp\u00e8res sous 16,9 Volts\" \/>\n<meta property=\"og:url\" content=\"https:\/\/geaccademy.org\/index.php\/produit\/regulateur-mppt\/\" \/>\n<meta property=\"og:site_name\" content=\"German Environment Academy\" \/>\n<meta property=\"og:image\" content=\"https:\/\/geaccademy.org\/wp-content\/uploads\/2022\/10\/0-Regulateur-MPPT.jpg\" \/>\n\t<meta property=\"og:image:width\" content=\"600\" \/>\n\t<meta property=\"og:image:height\" content=\"460\" \/>\n\t<meta property=\"og:image:type\" content=\"image\/jpeg\" \/>\n<meta name=\"twitter:card\" content=\"summary_large_image\" \/>\n<meta name=\"twitter:label1\" content=\"Est. reading time\" \/>\n\t<meta name=\"twitter:data1\" content=\"1 minute\" \/>\n<script type=\"application\/ld+json\" class=\"yoast-schema-graph\">{\"@context\":\"https:\/\/schema.org\",\"@graph\":[{\"@type\":\"WebPage\",\"@id\":\"https:\/\/geaccademy.org\/index.php\/produit\/regulateur-mppt\/\",\"url\":\"https:\/\/geaccademy.org\/index.php\/produit\/regulateur-mppt\/\",\"name\":\"Regulateur MPPT - German Environment Academy\",\"isPartOf\":{\"@id\":\"https:\/\/geaccademy.org\/#website\"},\"primaryImageOfPage\":{\"@id\":\"https:\/\/geaccademy.org\/index.php\/produit\/regulateur-mppt\/#primaryimage\"},\"image\":{\"@id\":\"https:\/\/geaccademy.org\/index.php\/produit\/regulateur-mppt\/#primaryimage\"},\"thumbnailUrl\":\"https:\/\/geaccademy.org\/wp-content\/uploads\/2022\/10\/0-Regulateur-MPPT.jpg\",\"datePublished\":\"2022-10-18T13:59:49+00:00\",\"description\":\"Le r\u00e9gulateur MPPT re\u00e7oit 7,1 Amp\u00e8res de courant (ou d'intensit\u00e9) sous une tension de 16,9 Volts. Il convertit ces 7,1 Amp\u00e8res sous 16,9 Volts\",\"breadcrumb\":{\"@id\":\"https:\/\/geaccademy.org\/index.php\/produit\/regulateur-mppt\/#breadcrumb\"},\"inLanguage\":\"en-US\",\"potentialAction\":[{\"@type\":\"ReadAction\",\"target\":[\"https:\/\/geaccademy.org\/index.php\/produit\/regulateur-mppt\/\"]}]},{\"@type\":\"ImageObject\",\"inLanguage\":\"en-US\",\"@id\":\"https:\/\/geaccademy.org\/index.php\/produit\/regulateur-mppt\/#primaryimage\",\"url\":\"https:\/\/geaccademy.org\/wp-content\/uploads\/2022\/10\/0-Regulateur-MPPT.jpg\",\"contentUrl\":\"https:\/\/geaccademy.org\/wp-content\/uploads\/2022\/10\/0-Regulateur-MPPT.jpg\",\"width\":600,\"height\":460},{\"@type\":\"BreadcrumbList\",\"@id\":\"https:\/\/geaccademy.org\/index.php\/produit\/regulateur-mppt\/#breadcrumb\",\"itemListElement\":[{\"@type\":\"ListItem\",\"position\":1,\"name\":\"Accueil\",\"item\":\"https:\/\/geaccademy.org\/\"},{\"@type\":\"ListItem\",\"position\":2,\"name\":\"Boutique De La GSA\",\"item\":\"https:\/\/geaccademy.org\/index.php\/boutique-de-la-gsa\/\"},{\"@type\":\"ListItem\",\"position\":3,\"name\":\"Regulateur MPPT\"}]},{\"@type\":\"WebSite\",\"@id\":\"https:\/\/geaccademy.org\/#website\",\"url\":\"https:\/\/geaccademy.org\/\",\"name\":\"German Environment Academy\",\"description\":\"German Environment Academy\",\"potentialAction\":[{\"@type\":\"SearchAction\",\"target\":{\"@type\":\"EntryPoint\",\"urlTemplate\":\"https:\/\/geaccademy.org\/?s={search_term_string}\"},\"query-input\":{\"@type\":\"PropertyValueSpecification\",\"valueRequired\":true,\"valueName\":\"search_term_string\"}}],\"inLanguage\":\"en-US\"}]}<\/script>\n<!-- \/ Yoast SEO plugin. -->","yoast_head_json":{"title":"Regulateur MPPT - German Environment Academy","description":"Le r\u00e9gulateur MPPT re\u00e7oit 7,1 Amp\u00e8res de courant (ou d'intensit\u00e9) sous une tension de 16,9 Volts. Il convertit ces 7,1 Amp\u00e8res sous 16,9 Volts","robots":{"index":"index","follow":"follow","max-snippet":"max-snippet:-1","max-image-preview":"max-image-preview:large","max-video-preview":"max-video-preview:-1"},"canonical":"https:\/\/geaccademy.org\/index.php\/produit\/regulateur-mppt\/","og_locale":"en_US","og_type":"article","og_title":"Regulateur MPPT - German Environment Academy","og_description":"Le r\u00e9gulateur MPPT re\u00e7oit 7,1 Amp\u00e8res de courant (ou d'intensit\u00e9) sous une tension de 16,9 Volts. Il convertit ces 7,1 Amp\u00e8res sous 16,9 Volts","og_url":"https:\/\/geaccademy.org\/index.php\/produit\/regulateur-mppt\/","og_site_name":"German Environment Academy","og_image":[{"width":600,"height":460,"url":"https:\/\/geaccademy.org\/wp-content\/uploads\/2022\/10\/0-Regulateur-MPPT.jpg","type":"image\/jpeg"}],"twitter_card":"summary_large_image","twitter_misc":{"Est. reading time":"1 minute"},"schema":{"@context":"https:\/\/schema.org","@graph":[{"@type":"WebPage","@id":"https:\/\/geaccademy.org\/index.php\/produit\/regulateur-mppt\/","url":"https:\/\/geaccademy.org\/index.php\/produit\/regulateur-mppt\/","name":"Regulateur MPPT - German Environment Academy","isPartOf":{"@id":"https:\/\/geaccademy.org\/#website"},"primaryImageOfPage":{"@id":"https:\/\/geaccademy.org\/index.php\/produit\/regulateur-mppt\/#primaryimage"},"image":{"@id":"https:\/\/geaccademy.org\/index.php\/produit\/regulateur-mppt\/#primaryimage"},"thumbnailUrl":"https:\/\/geaccademy.org\/wp-content\/uploads\/2022\/10\/0-Regulateur-MPPT.jpg","datePublished":"2022-10-18T13:59:49+00:00","description":"Le r\u00e9gulateur MPPT re\u00e7oit 7,1 Amp\u00e8res de courant (ou d'intensit\u00e9) sous une tension de 16,9 Volts. Il convertit ces 7,1 Amp\u00e8res sous 16,9 Volts","breadcrumb":{"@id":"https:\/\/geaccademy.org\/index.php\/produit\/regulateur-mppt\/#breadcrumb"},"inLanguage":"en-US","potentialAction":[{"@type":"ReadAction","target":["https:\/\/geaccademy.org\/index.php\/produit\/regulateur-mppt\/"]}]},{"@type":"ImageObject","inLanguage":"en-US","@id":"https:\/\/geaccademy.org\/index.php\/produit\/regulateur-mppt\/#primaryimage","url":"https:\/\/geaccademy.org\/wp-content\/uploads\/2022\/10\/0-Regulateur-MPPT.jpg","contentUrl":"https:\/\/geaccademy.org\/wp-content\/uploads\/2022\/10\/0-Regulateur-MPPT.jpg","width":600,"height":460},{"@type":"BreadcrumbList","@id":"https:\/\/geaccademy.org\/index.php\/produit\/regulateur-mppt\/#breadcrumb","itemListElement":[{"@type":"ListItem","position":1,"name":"Accueil","item":"https:\/\/geaccademy.org\/"},{"@type":"ListItem","position":2,"name":"Boutique De La GSA","item":"https:\/\/geaccademy.org\/index.php\/boutique-de-la-gsa\/"},{"@type":"ListItem","position":3,"name":"Regulateur MPPT"}]},{"@type":"WebSite","@id":"https:\/\/geaccademy.org\/#website","url":"https:\/\/geaccademy.org\/","name":"German Environment Academy","description":"German Environment Academy","potentialAction":[{"@type":"SearchAction","target":{"@type":"EntryPoint","urlTemplate":"https:\/\/geaccademy.org\/?s={search_term_string}"},"query-input":{"@type":"PropertyValueSpecification","valueRequired":true,"valueName":"search_term_string"}}],"inLanguage":"en-US"}]}},"_links":{"self":[{"href":"https:\/\/geaccademy.org\/index.php\/wp-json\/wp\/v2\/product\/748","targetHints":{"allow":["GET"]}}],"collection":[{"href":"https:\/\/geaccademy.org\/index.php\/wp-json\/wp\/v2\/product"}],"about":[{"href":"https:\/\/geaccademy.org\/index.php\/wp-json\/wp\/v2\/types\/product"}],"wp:featuredmedia":[{"embeddable":true,"href":"https:\/\/geaccademy.org\/index.php\/wp-json\/wp\/v2\/media\/753"}],"wp:attachment":[{"href":"https:\/\/geaccademy.org\/index.php\/wp-json\/wp\/v2\/media?parent=748"}],"wp:term":[{"taxonomy":"product_brand","embeddable":true,"href":"https:\/\/geaccademy.org\/index.php\/wp-json\/wp\/v2\/product_brand?post=748"},{"taxonomy":"product_cat","embeddable":true,"href":"https:\/\/geaccademy.org\/index.php\/wp-json\/wp\/v2\/product_cat?post=748"},{"taxonomy":"product_tag","embeddable":true,"href":"https:\/\/geaccademy.org\/index.php\/wp-json\/wp\/v2\/product_tag?post=748"}],"curies":[{"name":"wp","href":"https:\/\/api.w.org\/{rel}","templated":true}]}}