{"id":350,"date":"2022-10-10T19:15:03","date_gmt":"2022-10-10T17:15:03","guid":{"rendered":"https:\/\/geaccademy.org\/?post_type=product&#038;p=350"},"modified":"2022-10-18T13:09:41","modified_gmt":"2022-10-18T11:09:41","slug":"kit-solaire-de-100w","status":"publish","type":"product","link":"https:\/\/geaccademy.org\/index.php\/produit\/kit-solaire-de-100w\/","title":{"rendered":"Kit Solaire De 100W"},"content":{"rendered":"<p>Renogy\u00a0<em>Kit Solaire 100W<\/em> 12V Module Solaire Monocristallin Panneau Solaire, avec Contr\u00f4leur Chargeur PWM 30A et C\u00e2bles.<\/p>\n<p>Panneau solaire : 120W<br \/>\nBatterie au lithium haute capacit\u00e9 : 888WH<br \/>\nFlux limineux : 16000lm<br \/>\nTemps de charge du panneau solaire : 8 heures en plein soleil<\/p>\n<ul>\n<li>Les panneaux photovolta\u00efques transforment le rayonnement solaire en \u00e9lectricit\u00e9 (courant continu), permettant ainsi d\u2019alimenter des appareils adapt\u00e9s (lampes basse consommation, t\u00e9l\u00e9viseurs, radios\u2026).<\/li>\n<li>Le stockage sur batteries permet de restituer, au moment voulu, l\u2019\u00e9nergie accumul\u00e9e pendant la journ\u00e9e.<\/li>\n<li>Le r\u00e9gulateur MPPT assure une gestion optimale du syst\u00e8me. Il transfert toute l\u2019\u00e9nergie dont les batteries ont besoins, depuis les panneaux, puis le reste de la production sera dissip\u00e9e par effet Joule.<\/li>\n<\/ul>\n","protected":false},"excerpt":{"rendered":"<p>Renogy\u00a0<em>Kit Solaire 100W<\/em>\u00a012V Module Solaire Monocristallin Panneau Solaire, avec Contr\u00f4leur Chargeur PWM 30A et C\u00e2bles<\/p>\n","protected":false},"featured_media":697,"template":"","meta":{"_et_pb_use_builder":"","_et_pb_old_content":""},"product_brand":[],"product_cat":[59],"product_tag":[],"class_list":{"0":"post-350","1":"product","2":"type-product","3":"status-publish","4":"has-post-thumbnail","6":"product_cat-en-vedette","8":"first","9":"instock","10":"shipping-taxable","11":"purchasable","12":"product-type-simple"},"yoast_head":"<!-- This site is optimized with the Yoast SEO plugin v26.9 - https:\/\/yoast.com\/product\/yoast-seo-wordpress\/ -->\n<title>Kit Solaire De 100W - German Environment Academy<\/title>\n<meta name=\"description\" content=\"Renogy Kit Solaire 100W 12V Module Solaire Monocristallin Panneau Solaire, avec Contr\u00f4leur Chargeur PWM 30A et C\u00e2bles\" \/>\n<meta name=\"robots\" content=\"index, follow, max-snippet:-1, max-image-preview:large, max-video-preview:-1\" \/>\n<link rel=\"canonical\" href=\"https:\/\/geaccademy.org\/index.php\/produit\/kit-solaire-de-100w\/\" \/>\n<meta property=\"og:locale\" content=\"en_US\" \/>\n<meta property=\"og:type\" content=\"article\" \/>\n<meta property=\"og:title\" content=\"Kit Solaire De 100W - German Environment Academy\" \/>\n<meta property=\"og:description\" content=\"Renogy Kit Solaire 100W 12V Module Solaire Monocristallin Panneau Solaire, avec Contr\u00f4leur Chargeur PWM 30A et C\u00e2bles\" \/>\n<meta property=\"og:url\" content=\"https:\/\/geaccademy.org\/index.php\/produit\/kit-solaire-de-100w\/\" \/>\n<meta property=\"og:site_name\" content=\"German Environment Academy\" \/>\n<meta property=\"article:modified_time\" content=\"2022-10-18T11:09:41+00:00\" \/>\n<meta property=\"og:image\" content=\"https:\/\/geaccademy.org\/wp-content\/uploads\/2022\/10\/0-KIT-SOLAIRE-DE-100W.jpg\" \/>\n\t<meta property=\"og:image:width\" content=\"600\" \/>\n\t<meta property=\"og:image:height\" content=\"460\" \/>\n\t<meta property=\"og:image:type\" content=\"image\/jpeg\" \/>\n<meta name=\"twitter:card\" content=\"summary_large_image\" \/>\n<meta name=\"twitter:label1\" content=\"Est. reading time\" \/>\n\t<meta name=\"twitter:data1\" content=\"1 minute\" \/>\n<script type=\"application\/ld+json\" class=\"yoast-schema-graph\">{\"@context\":\"https:\/\/schema.org\",\"@graph\":[{\"@type\":\"WebPage\",\"@id\":\"https:\/\/geaccademy.org\/index.php\/produit\/kit-solaire-de-100w\/\",\"url\":\"https:\/\/geaccademy.org\/index.php\/produit\/kit-solaire-de-100w\/\",\"name\":\"Kit Solaire De 100W - German Environment Academy\",\"isPartOf\":{\"@id\":\"https:\/\/geaccademy.org\/#website\"},\"primaryImageOfPage\":{\"@id\":\"https:\/\/geaccademy.org\/index.php\/produit\/kit-solaire-de-100w\/#primaryimage\"},\"image\":{\"@id\":\"https:\/\/geaccademy.org\/index.php\/produit\/kit-solaire-de-100w\/#primaryimage\"},\"thumbnailUrl\":\"https:\/\/geaccademy.org\/wp-content\/uploads\/2022\/10\/0-KIT-SOLAIRE-DE-100W.jpg\",\"datePublished\":\"2022-10-10T17:15:03+00:00\",\"dateModified\":\"2022-10-18T11:09:41+00:00\",\"description\":\"Renogy Kit Solaire 100W 12V Module Solaire Monocristallin Panneau Solaire, avec Contr\u00f4leur Chargeur PWM 30A et C\u00e2bles\",\"breadcrumb\":{\"@id\":\"https:\/\/geaccademy.org\/index.php\/produit\/kit-solaire-de-100w\/#breadcrumb\"},\"inLanguage\":\"en-US\",\"potentialAction\":[{\"@type\":\"ReadAction\",\"target\":[\"https:\/\/geaccademy.org\/index.php\/produit\/kit-solaire-de-100w\/\"]}]},{\"@type\":\"ImageObject\",\"inLanguage\":\"en-US\",\"@id\":\"https:\/\/geaccademy.org\/index.php\/produit\/kit-solaire-de-100w\/#primaryimage\",\"url\":\"https:\/\/geaccademy.org\/wp-content\/uploads\/2022\/10\/0-KIT-SOLAIRE-DE-100W.jpg\",\"contentUrl\":\"https:\/\/geaccademy.org\/wp-content\/uploads\/2022\/10\/0-KIT-SOLAIRE-DE-100W.jpg\",\"width\":600,\"height\":460},{\"@type\":\"BreadcrumbList\",\"@id\":\"https:\/\/geaccademy.org\/index.php\/produit\/kit-solaire-de-100w\/#breadcrumb\",\"itemListElement\":[{\"@type\":\"ListItem\",\"position\":1,\"name\":\"Accueil\",\"item\":\"https:\/\/geaccademy.org\/\"},{\"@type\":\"ListItem\",\"position\":2,\"name\":\"Boutique De La GSA\",\"item\":\"https:\/\/geaccademy.org\/index.php\/boutique-de-la-gsa\/\"},{\"@type\":\"ListItem\",\"position\":3,\"name\":\"Kit Solaire De 100W\"}]},{\"@type\":\"WebSite\",\"@id\":\"https:\/\/geaccademy.org\/#website\",\"url\":\"https:\/\/geaccademy.org\/\",\"name\":\"German Environment Academy\",\"description\":\"German Environment Academy\",\"potentialAction\":[{\"@type\":\"SearchAction\",\"target\":{\"@type\":\"EntryPoint\",\"urlTemplate\":\"https:\/\/geaccademy.org\/?s={search_term_string}\"},\"query-input\":{\"@type\":\"PropertyValueSpecification\",\"valueRequired\":true,\"valueName\":\"search_term_string\"}}],\"inLanguage\":\"en-US\"}]}<\/script>\n<!-- \/ Yoast SEO plugin. -->","yoast_head_json":{"title":"Kit Solaire De 100W - German Environment Academy","description":"Renogy Kit Solaire 100W 12V Module Solaire Monocristallin Panneau Solaire, avec Contr\u00f4leur Chargeur PWM 30A et C\u00e2bles","robots":{"index":"index","follow":"follow","max-snippet":"max-snippet:-1","max-image-preview":"max-image-preview:large","max-video-preview":"max-video-preview:-1"},"canonical":"https:\/\/geaccademy.org\/index.php\/produit\/kit-solaire-de-100w\/","og_locale":"en_US","og_type":"article","og_title":"Kit Solaire De 100W - German Environment Academy","og_description":"Renogy Kit Solaire 100W 12V Module Solaire Monocristallin Panneau Solaire, avec Contr\u00f4leur Chargeur PWM 30A et C\u00e2bles","og_url":"https:\/\/geaccademy.org\/index.php\/produit\/kit-solaire-de-100w\/","og_site_name":"German Environment Academy","article_modified_time":"2022-10-18T11:09:41+00:00","og_image":[{"width":600,"height":460,"url":"https:\/\/geaccademy.org\/wp-content\/uploads\/2022\/10\/0-KIT-SOLAIRE-DE-100W.jpg","type":"image\/jpeg"}],"twitter_card":"summary_large_image","twitter_misc":{"Est. reading time":"1 minute"},"schema":{"@context":"https:\/\/schema.org","@graph":[{"@type":"WebPage","@id":"https:\/\/geaccademy.org\/index.php\/produit\/kit-solaire-de-100w\/","url":"https:\/\/geaccademy.org\/index.php\/produit\/kit-solaire-de-100w\/","name":"Kit Solaire De 100W - German Environment Academy","isPartOf":{"@id":"https:\/\/geaccademy.org\/#website"},"primaryImageOfPage":{"@id":"https:\/\/geaccademy.org\/index.php\/produit\/kit-solaire-de-100w\/#primaryimage"},"image":{"@id":"https:\/\/geaccademy.org\/index.php\/produit\/kit-solaire-de-100w\/#primaryimage"},"thumbnailUrl":"https:\/\/geaccademy.org\/wp-content\/uploads\/2022\/10\/0-KIT-SOLAIRE-DE-100W.jpg","datePublished":"2022-10-10T17:15:03+00:00","dateModified":"2022-10-18T11:09:41+00:00","description":"Renogy Kit Solaire 100W 12V Module Solaire Monocristallin Panneau Solaire, avec Contr\u00f4leur Chargeur PWM 30A et C\u00e2bles","breadcrumb":{"@id":"https:\/\/geaccademy.org\/index.php\/produit\/kit-solaire-de-100w\/#breadcrumb"},"inLanguage":"en-US","potentialAction":[{"@type":"ReadAction","target":["https:\/\/geaccademy.org\/index.php\/produit\/kit-solaire-de-100w\/"]}]},{"@type":"ImageObject","inLanguage":"en-US","@id":"https:\/\/geaccademy.org\/index.php\/produit\/kit-solaire-de-100w\/#primaryimage","url":"https:\/\/geaccademy.org\/wp-content\/uploads\/2022\/10\/0-KIT-SOLAIRE-DE-100W.jpg","contentUrl":"https:\/\/geaccademy.org\/wp-content\/uploads\/2022\/10\/0-KIT-SOLAIRE-DE-100W.jpg","width":600,"height":460},{"@type":"BreadcrumbList","@id":"https:\/\/geaccademy.org\/index.php\/produit\/kit-solaire-de-100w\/#breadcrumb","itemListElement":[{"@type":"ListItem","position":1,"name":"Accueil","item":"https:\/\/geaccademy.org\/"},{"@type":"ListItem","position":2,"name":"Boutique De La GSA","item":"https:\/\/geaccademy.org\/index.php\/boutique-de-la-gsa\/"},{"@type":"ListItem","position":3,"name":"Kit Solaire De 100W"}]},{"@type":"WebSite","@id":"https:\/\/geaccademy.org\/#website","url":"https:\/\/geaccademy.org\/","name":"German Environment Academy","description":"German Environment Academy","potentialAction":[{"@type":"SearchAction","target":{"@type":"EntryPoint","urlTemplate":"https:\/\/geaccademy.org\/?s={search_term_string}"},"query-input":{"@type":"PropertyValueSpecification","valueRequired":true,"valueName":"search_term_string"}}],"inLanguage":"en-US"}]}},"_links":{"self":[{"href":"https:\/\/geaccademy.org\/index.php\/wp-json\/wp\/v2\/product\/350","targetHints":{"allow":["GET"]}}],"collection":[{"href":"https:\/\/geaccademy.org\/index.php\/wp-json\/wp\/v2\/product"}],"about":[{"href":"https:\/\/geaccademy.org\/index.php\/wp-json\/wp\/v2\/types\/product"}],"wp:featuredmedia":[{"embeddable":true,"href":"https:\/\/geaccademy.org\/index.php\/wp-json\/wp\/v2\/media\/697"}],"wp:attachment":[{"href":"https:\/\/geaccademy.org\/index.php\/wp-json\/wp\/v2\/media?parent=350"}],"wp:term":[{"taxonomy":"product_brand","embeddable":true,"href":"https:\/\/geaccademy.org\/index.php\/wp-json\/wp\/v2\/product_brand?post=350"},{"taxonomy":"product_cat","embeddable":true,"href":"https:\/\/geaccademy.org\/index.php\/wp-json\/wp\/v2\/product_cat?post=350"},{"taxonomy":"product_tag","embeddable":true,"href":"https:\/\/geaccademy.org\/index.php\/wp-json\/wp\/v2\/product_tag?post=350"}],"curies":[{"name":"wp","href":"https:\/\/api.w.org\/{rel}","templated":true}]}}