{"id":344,"date":"2022-10-10T18:54:37","date_gmt":"2022-10-10T16:54:37","guid":{"rendered":"https:\/\/geaccademy.org\/index.php\/produit\/hoodie-with-logo\/"},"modified":"2022-10-18T13:10:45","modified_gmt":"2022-10-18T11:10:45","slug":"hoodie-with-logo","status":"publish","type":"product","link":"https:\/\/geaccademy.org\/index.php\/produit\/hoodie-with-logo\/","title":{"rendered":"Panneaux Poly"},"content":{"rendered":"<p>Il s&#8217;agit cette fois-ci d&#8217;un\u00a0<b>panneau<\/b>\u00a0solaire compos\u00e9 de plusieurs cristaux de silicium, orient\u00e9s vers l&#8217;ext\u00e9rieur. Ils ont une couleur bleue, non uniforme. C&#8217;<b>est<\/b>\u00a0le type de\u00a0<b>panneaux qu<\/b>&#8216;on rencontre le plus sur les toits des maisons.<\/p>\n<p>Un coefficient de temp\u00e9rature de tension faible am\u00e9liore un fonctionnement \u00e0 temp\u00e9rature \u00e9lev\u00e9e.<br \/>\n\u2022 Performance de faible luminosit\u00e9 exceptionnelle et sensibilit\u00e9 \u00e9lev\u00e9e pour illuminer le spectre solaire<br \/>\ncomplet.<br \/>\n\u2022 Garantie limit\u00e9e de 25 ans sur la production et la performance de puissance.<br \/>\n\u2022 Garantie limit\u00e9e de 5 ans sur les mat\u00e9riaux et la qualit\u00e9 d&#8217;ex\u00e9cution.<br \/>\n\u2022 La bo\u00eete de connexion est multifonctionnelle, \u00e9tanche et scell\u00e9e, ce qui permet un niveau de s\u00e9curit\u00e9 \u00e9lev\u00e9.<br \/>\n\u2022 Les diodes de d\u00e9rivation \u00e0 haute performance minimisent les chutes de puissances en cas de manque de<br \/>\nrayonnement.<br \/>\n\u2022 Syst\u00e8me avanc\u00e9 d&#8217;encapsulation EAV (\u00c9thyl\u00e8ne-Ac\u00e9tate de Vinyle) avec une feuille isolante arri\u00e8re \u00e0 trois<br \/>\ncouches respectant les exigences de s\u00e9curit\u00e9 les plus rigoureuses pour un fonctionnement sous tension<br \/>\n\u00e9lev\u00e9e.<br \/>\n\u2022 Un cadre en aluminium anodis\u00e9 robuste permet de monter facilement les modules sur un toit avec une vari\u00e9t\u00e9<br \/>\nde syst\u00e8mes de montage standard.<br \/>\n\u2022 Verre tremp\u00e9 de la plus haute qualit\u00e9 offrant une transmission \u00e9lev\u00e9e et fournissant une r\u00e9sistance \u00e0 l&#8217;impact<br \/>\net une duret\u00e9 am\u00e9lior\u00e9es.<br \/>\n\u2022 Mod\u00e8les \u00e0 haute puissance avec un syst\u00e8me de connexion rapide pr\u00e9c\u00e2bl\u00e9 avec des connecteurs MC4 (PVST01).<\/p>\n","protected":false},"excerpt":{"rendered":"<p>Il s&#8217;agit cette fois-ci d&#8217;un\u00a0<b>panneau<\/b>\u00a0solaire compos\u00e9 de plusieurs cristaux de silicium, orient\u00e9s vers l&#8217;ext\u00e9rieur. Ils ont une couleur bleue, non uniforme. C&#8217;<b>est<\/b>\u00a0le type de\u00a0<b>panneaux qu<\/b>&#8216;on rencontre le plus sur les toits des maisons.<\/p>\n","protected":false},"featured_media":696,"template":"","meta":{"_et_pb_use_builder":"","_et_pb_old_content":""},"product_brand":[],"product_cat":[59],"product_tag":[],"class_list":{"0":"post-344","1":"product","2":"type-product","3":"status-publish","4":"has-post-thumbnail","6":"product_cat-en-vedette","8":"first","9":"instock","10":"shipping-taxable","11":"purchasable","12":"product-type-simple"},"yoast_head":"<!-- This site is optimized with the Yoast SEO plugin v26.9 - https:\/\/yoast.com\/product\/yoast-seo-wordpress\/ -->\n<title>Panneaux Poly - German Environment Academy<\/title>\n<meta name=\"description\" content=\"Il s&#039;agit cette fois-ci d&#039;un panneau solaire compos\u00e9 de plusieurs cristaux de silicium, orient\u00e9s vers l&#039;ext\u00e9rieur. Ils ont une couleur bleue, non uniforme.\" \/>\n<meta name=\"robots\" content=\"index, follow, max-snippet:-1, max-image-preview:large, max-video-preview:-1\" \/>\n<link rel=\"canonical\" href=\"https:\/\/geaccademy.org\/index.php\/produit\/hoodie-with-logo\/\" \/>\n<meta property=\"og:locale\" content=\"en_US\" \/>\n<meta property=\"og:type\" content=\"article\" \/>\n<meta property=\"og:title\" content=\"Panneaux Poly - German Environment Academy\" \/>\n<meta property=\"og:description\" content=\"Il s&#039;agit cette fois-ci d&#039;un panneau solaire compos\u00e9 de plusieurs cristaux de silicium, orient\u00e9s vers l&#039;ext\u00e9rieur. Ils ont une couleur bleue, non uniforme.\" \/>\n<meta property=\"og:url\" content=\"https:\/\/geaccademy.org\/index.php\/produit\/hoodie-with-logo\/\" \/>\n<meta property=\"og:site_name\" content=\"German Environment Academy\" \/>\n<meta property=\"article:modified_time\" content=\"2022-10-18T11:10:45+00:00\" \/>\n<meta property=\"og:image\" content=\"https:\/\/geaccademy.org\/wp-content\/uploads\/2022\/10\/0-pannaux-poly.jpg\" \/>\n\t<meta property=\"og:image:width\" content=\"600\" \/>\n\t<meta property=\"og:image:height\" content=\"460\" \/>\n\t<meta property=\"og:image:type\" content=\"image\/jpeg\" \/>\n<meta name=\"twitter:card\" content=\"summary_large_image\" \/>\n<meta name=\"twitter:label1\" content=\"Est. reading time\" \/>\n\t<meta name=\"twitter:data1\" content=\"2 minutes\" \/>\n<script type=\"application\/ld+json\" class=\"yoast-schema-graph\">{\"@context\":\"https:\/\/schema.org\",\"@graph\":[{\"@type\":\"WebPage\",\"@id\":\"https:\/\/geaccademy.org\/index.php\/produit\/hoodie-with-logo\/\",\"url\":\"https:\/\/geaccademy.org\/index.php\/produit\/hoodie-with-logo\/\",\"name\":\"Panneaux Poly - German Environment Academy\",\"isPartOf\":{\"@id\":\"https:\/\/geaccademy.org\/#website\"},\"primaryImageOfPage\":{\"@id\":\"https:\/\/geaccademy.org\/index.php\/produit\/hoodie-with-logo\/#primaryimage\"},\"image\":{\"@id\":\"https:\/\/geaccademy.org\/index.php\/produit\/hoodie-with-logo\/#primaryimage\"},\"thumbnailUrl\":\"https:\/\/geaccademy.org\/wp-content\/uploads\/2022\/10\/0-pannaux-poly.jpg\",\"datePublished\":\"2022-10-10T16:54:37+00:00\",\"dateModified\":\"2022-10-18T11:10:45+00:00\",\"description\":\"Il s'agit cette fois-ci d'un panneau solaire compos\u00e9 de plusieurs cristaux de silicium, orient\u00e9s vers l'ext\u00e9rieur. Ils ont une couleur bleue, non uniforme.\",\"breadcrumb\":{\"@id\":\"https:\/\/geaccademy.org\/index.php\/produit\/hoodie-with-logo\/#breadcrumb\"},\"inLanguage\":\"en-US\",\"potentialAction\":[{\"@type\":\"ReadAction\",\"target\":[\"https:\/\/geaccademy.org\/index.php\/produit\/hoodie-with-logo\/\"]}]},{\"@type\":\"ImageObject\",\"inLanguage\":\"en-US\",\"@id\":\"https:\/\/geaccademy.org\/index.php\/produit\/hoodie-with-logo\/#primaryimage\",\"url\":\"https:\/\/geaccademy.org\/wp-content\/uploads\/2022\/10\/0-pannaux-poly.jpg\",\"contentUrl\":\"https:\/\/geaccademy.org\/wp-content\/uploads\/2022\/10\/0-pannaux-poly.jpg\",\"width\":600,\"height\":460},{\"@type\":\"BreadcrumbList\",\"@id\":\"https:\/\/geaccademy.org\/index.php\/produit\/hoodie-with-logo\/#breadcrumb\",\"itemListElement\":[{\"@type\":\"ListItem\",\"position\":1,\"name\":\"Accueil\",\"item\":\"https:\/\/geaccademy.org\/\"},{\"@type\":\"ListItem\",\"position\":2,\"name\":\"Boutique De La GSA\",\"item\":\"https:\/\/geaccademy.org\/index.php\/boutique-de-la-gsa\/\"},{\"@type\":\"ListItem\",\"position\":3,\"name\":\"Panneaux Poly\"}]},{\"@type\":\"WebSite\",\"@id\":\"https:\/\/geaccademy.org\/#website\",\"url\":\"https:\/\/geaccademy.org\/\",\"name\":\"German Environment Academy\",\"description\":\"German Environment Academy\",\"potentialAction\":[{\"@type\":\"SearchAction\",\"target\":{\"@type\":\"EntryPoint\",\"urlTemplate\":\"https:\/\/geaccademy.org\/?s={search_term_string}\"},\"query-input\":{\"@type\":\"PropertyValueSpecification\",\"valueRequired\":true,\"valueName\":\"search_term_string\"}}],\"inLanguage\":\"en-US\"}]}<\/script>\n<!-- \/ Yoast SEO plugin. -->","yoast_head_json":{"title":"Panneaux Poly - German Environment Academy","description":"Il s'agit cette fois-ci d'un panneau solaire compos\u00e9 de plusieurs cristaux de silicium, orient\u00e9s vers l'ext\u00e9rieur. Ils ont une couleur bleue, non uniforme.","robots":{"index":"index","follow":"follow","max-snippet":"max-snippet:-1","max-image-preview":"max-image-preview:large","max-video-preview":"max-video-preview:-1"},"canonical":"https:\/\/geaccademy.org\/index.php\/produit\/hoodie-with-logo\/","og_locale":"en_US","og_type":"article","og_title":"Panneaux Poly - German Environment Academy","og_description":"Il s'agit cette fois-ci d'un panneau solaire compos\u00e9 de plusieurs cristaux de silicium, orient\u00e9s vers l'ext\u00e9rieur. Ils ont une couleur bleue, non uniforme.","og_url":"https:\/\/geaccademy.org\/index.php\/produit\/hoodie-with-logo\/","og_site_name":"German Environment Academy","article_modified_time":"2022-10-18T11:10:45+00:00","og_image":[{"width":600,"height":460,"url":"https:\/\/geaccademy.org\/wp-content\/uploads\/2022\/10\/0-pannaux-poly.jpg","type":"image\/jpeg"}],"twitter_card":"summary_large_image","twitter_misc":{"Est. reading time":"2 minutes"},"schema":{"@context":"https:\/\/schema.org","@graph":[{"@type":"WebPage","@id":"https:\/\/geaccademy.org\/index.php\/produit\/hoodie-with-logo\/","url":"https:\/\/geaccademy.org\/index.php\/produit\/hoodie-with-logo\/","name":"Panneaux Poly - German Environment Academy","isPartOf":{"@id":"https:\/\/geaccademy.org\/#website"},"primaryImageOfPage":{"@id":"https:\/\/geaccademy.org\/index.php\/produit\/hoodie-with-logo\/#primaryimage"},"image":{"@id":"https:\/\/geaccademy.org\/index.php\/produit\/hoodie-with-logo\/#primaryimage"},"thumbnailUrl":"https:\/\/geaccademy.org\/wp-content\/uploads\/2022\/10\/0-pannaux-poly.jpg","datePublished":"2022-10-10T16:54:37+00:00","dateModified":"2022-10-18T11:10:45+00:00","description":"Il s'agit cette fois-ci d'un panneau solaire compos\u00e9 de plusieurs cristaux de silicium, orient\u00e9s vers l'ext\u00e9rieur. Ils ont une couleur bleue, non uniforme.","breadcrumb":{"@id":"https:\/\/geaccademy.org\/index.php\/produit\/hoodie-with-logo\/#breadcrumb"},"inLanguage":"en-US","potentialAction":[{"@type":"ReadAction","target":["https:\/\/geaccademy.org\/index.php\/produit\/hoodie-with-logo\/"]}]},{"@type":"ImageObject","inLanguage":"en-US","@id":"https:\/\/geaccademy.org\/index.php\/produit\/hoodie-with-logo\/#primaryimage","url":"https:\/\/geaccademy.org\/wp-content\/uploads\/2022\/10\/0-pannaux-poly.jpg","contentUrl":"https:\/\/geaccademy.org\/wp-content\/uploads\/2022\/10\/0-pannaux-poly.jpg","width":600,"height":460},{"@type":"BreadcrumbList","@id":"https:\/\/geaccademy.org\/index.php\/produit\/hoodie-with-logo\/#breadcrumb","itemListElement":[{"@type":"ListItem","position":1,"name":"Accueil","item":"https:\/\/geaccademy.org\/"},{"@type":"ListItem","position":2,"name":"Boutique De La GSA","item":"https:\/\/geaccademy.org\/index.php\/boutique-de-la-gsa\/"},{"@type":"ListItem","position":3,"name":"Panneaux Poly"}]},{"@type":"WebSite","@id":"https:\/\/geaccademy.org\/#website","url":"https:\/\/geaccademy.org\/","name":"German Environment Academy","description":"German Environment Academy","potentialAction":[{"@type":"SearchAction","target":{"@type":"EntryPoint","urlTemplate":"https:\/\/geaccademy.org\/?s={search_term_string}"},"query-input":{"@type":"PropertyValueSpecification","valueRequired":true,"valueName":"search_term_string"}}],"inLanguage":"en-US"}]}},"_links":{"self":[{"href":"https:\/\/geaccademy.org\/index.php\/wp-json\/wp\/v2\/product\/344","targetHints":{"allow":["GET"]}}],"collection":[{"href":"https:\/\/geaccademy.org\/index.php\/wp-json\/wp\/v2\/product"}],"about":[{"href":"https:\/\/geaccademy.org\/index.php\/wp-json\/wp\/v2\/types\/product"}],"wp:featuredmedia":[{"embeddable":true,"href":"https:\/\/geaccademy.org\/index.php\/wp-json\/wp\/v2\/media\/696"}],"wp:attachment":[{"href":"https:\/\/geaccademy.org\/index.php\/wp-json\/wp\/v2\/media?parent=344"}],"wp:term":[{"taxonomy":"product_brand","embeddable":true,"href":"https:\/\/geaccademy.org\/index.php\/wp-json\/wp\/v2\/product_brand?post=344"},{"taxonomy":"product_cat","embeddable":true,"href":"https:\/\/geaccademy.org\/index.php\/wp-json\/wp\/v2\/product_cat?post=344"},{"taxonomy":"product_tag","embeddable":true,"href":"https:\/\/geaccademy.org\/index.php\/wp-json\/wp\/v2\/product_tag?post=344"}],"curies":[{"name":"wp","href":"https:\/\/api.w.org\/{rel}","templated":true}]}}